
{"id":1544,"date":"2016-02-08T06:45:09","date_gmt":"2016-02-08T06:45:09","guid":{"rendered":"http:\/\/ovillosyconos.com\/?page_id=1544"},"modified":"2024-11-01T11:47:31","modified_gmt":"2024-11-01T17:47:31","slug":"inicio","status":"publish","type":"page","link":"https:\/\/oyc.lat\/en\/","title":{"rendered":"Start"},"content":{"rendered":"<div class=\"wpb-content-wrapper\"><p>[vc_row row_fullwidth=&#8221;1&#8243; row_zero_column_space=&#8221;1&#8243; bg_parallax=&#8221;off&#8221; bg_slider=&#8221;off&#8221; bg_video=&#8221;off&#8221; bottom_button=&#8221;off&#8221; css=&#8221;.vc_custom_1490056776730{margin-top: 0px !important;margin-right: 0px !important;margin-bottom: 0px !important;margin-left: 0px !important;padding-top: 0px !important;padding-right: 0px !important;padding-bottom: 0px !important;padding-left: 0px !important;}&#8221; el_class=&#8221;slideh&#8221;][vc_column][vc_column_text]<span style=\"font-size: 18pt; color: #199ad1;\">Bandas de transportaci\u00f3n industrial para el sector Cementero, Cartonero, Galletero, Minero entre\u00a0otros, con una amplia gama de productos especializados.<\/span>[\/vc_column_text][\/vc_column][vc_column]<div class=\"ozy-owlcarousel navigation-off \" data-autoplay=\"true\" data-items=\"1\" data-singleitem=\"true\" data-slidespeed=\"200\" data-paginationSpeed=\"800\" data-autoheight=\"true\">\n<div class=\"item owl-big-info-box rand-class-1760\"><img decoding=\"async\" src=\"https:\/\/oyc.lat\/en\/wp-content\/uploads\/2016\/02\/slide_1.jpg\" alt=\"full\"\/><div><div><div><h5>PRODUCTOS DE CLASE MUNDIAL<i class=\"oic-up-open-big\"><\/i><\/h5><div><h2>Ovillos y Conos<\/h2><p>Somos fabricantes de textiles t\u00e9cnicos para transportaci\u00f3n y filtraci\u00f3n usados en las industrias de manufactura.<a href=\"https:\/\/oyc.lat\/en\/contact\/\" target=\"_self\">CONTACT US \u2192<\/a><\/p><\/div><\/div><\/div><\/div><\/div><div class=\"item owl-big-info-box rand-class-4071\"><img decoding=\"async\" src=\"https:\/\/oyc.lat\/en\/wp-content\/uploads\/2016\/02\/slide_2.jpg\" alt=\"full\"\/><div><div><div><h5>CALIDAD EN MOVIMIENTO<i class=\"oic-up-open-big\"><\/i><\/h5><div><h2>Ovillos y Conos<\/h2><p>Desde hace 45 a\u00f1os trabajamos en conjunto para ofrecer productos innovadores para cada mercado.<a href=\"https:\/\/oyc.lat\/en\/nosotros\/\" target=\"_self\">CON\u00d3CENOS \u2192<\/a><\/p><\/div><\/div><\/div><\/div><\/div>\n<\/div>[\/vc_column][\/vc_row][vc_row][vc_column]\n\t\t\t<!-- START Inicio REVOLUTION SLIDER 6.7.11 --><p class=\"rs-p-wp-fix\"><\/p>\n\t\t\t<rs-module-wrap id=\"rev_slider_1_1_wrapper\" data-source=\"gallery\" style=\"visibility:hidden;background:transparent;padding:0;margin:0px auto;margin-top:0;margin-bottom:0;\">\n\t\t\t\t<rs-module id=\"rev_slider_1_1\" style=\"\" data-version=\"6.7.11\">\n\t\t\t\t\t<rs-slides style=\"overflow: hidden; position: absolute;\">\n\t\t\t\t\t\t<rs-slide style=\"position: absolute;\" data-key=\"rs-11\" data-title=\"Slide\" data-thumb=\"\/\/oyc.lat\/en\/wp-content\/uploads\/2020\/04\/tela-100x50.jpg\" data-anim=\"adpr:false;\" data-in=\"o:0;\" data-out=\"a:false;\">\n\t\t\t\t\t\t\t<img decoding=\"async\" src=\"\/\/oyc.lat\/en\/wp-content\/plugins\/revslider\/sr6\/assets\/assets\/dummy.png\" alt=\"\" title=\"tela\" width=\"627\" height=\"417\" class=\"rev-slidebg tp-rs-img rs-lazyload\" data-lazyload=\"\/\/oyc.lat\/en\/wp-content\/uploads\/2020\/04\/tela.jpg\" data-bg=\"f:contain;\" data-no-retina>\n<!--\n\t\t\t\t\t\t\t--><rs-layer\n\t\t\t\t\t\t\t\tid=\"slider-1-slide-11-layer-5\" \n\t\t\t\t\t\t\t\tclass=\"Fashion-BigDisplay\"\n\t\t\t\t\t\t\t\tdata-type=\"text\"\n\t\t\t\t\t\t\t\tdata-color=\"rgba(0,0,0,1)\"\n\t\t\t\t\t\t\t\tdata-rsp_ch=\"on\"\n\t\t\t\t\t\t\t\tdata-xy=\"x:100px;y:98px;\"\n\t\t\t\t\t\t\t\tdata-text=\"s:60;l:60;ls:2px;fw:900;\"\n\t\t\t\t\t\t\t\tdata-frame_1=\"e:power2.inOut;st:500;\"\n\t\t\t\t\t\t\t\tdata-frame_999=\"o:0;e:nothing;st:w;\"\n\t\t\t\t\t\t\t\tstyle=\"z-index:5;font-family:'Raleway';\"\n\t\t\t\t\t\t\t> \n\t\t\t\t\t\t\t<\/rs-layer><!--\n\n\t\t\t\t\t\t\t--><rs-layer\n\t\t\t\t\t\t\t\tid=\"slider-1-slide-11-layer-7\" \n\t\t\t\t\t\t\t\tdata-type=\"image\"\n\t\t\t\t\t\t\t\tdata-rsp_ch=\"on\"\n\t\t\t\t\t\t\t\tdata-xy=\"x:461px;y:45px;\"\n\t\t\t\t\t\t\t\tdata-text=\"l:22;\"\n\t\t\t\t\t\t\t\tdata-dim=\"w:306;h:94px;\"\n\t\t\t\t\t\t\t\tdata-frame_1=\"e:power2.inOut;st:500;\"\n\t\t\t\t\t\t\t\tdata-frame_999=\"o:0;e:nothing;st:w;\"\n\t\t\t\t\t\t\t\tstyle=\"z-index:6;cursor:pointer;\"\n\t\t\t\t\t\t\t><img decoding=\"async\" src=\"\/\/oyc.lat\/en\/wp-content\/plugins\/revslider\/sr6\/assets\/assets\/dummy.png\" alt=\"\" class=\"tp-rs-img rs-lazyload\" width=\"296\" height=\"91\" data-lazyload=\"\/\/oyc.lat\/en\/wp-content\/uploads\/2024\/07\/oyc-logo.png\" data-no-retina> \n\t\t\t\t\t\t\t<\/rs-layer><!--\n\n\t\t\t\t\t\t\t--><rs-layer\n\t\t\t\t\t\t\t\tid=\"slider-1-slide-11-layer-8\" \n\t\t\t\t\t\t\t\tclass=\"Fashion-BigDisplay\"\n\t\t\t\t\t\t\t\tdata-type=\"text\"\n\t\t\t\t\t\t\t\tdata-color=\"rgba(255,255,255,1)\"\n\t\t\t\t\t\t\t\tdata-rsp_ch=\"on\"\n\t\t\t\t\t\t\t\tdata-xy=\"x:351px;y:224px;\"\n\t\t\t\t\t\t\t\tdata-text=\"s:40;l:60;ls:2px;\"\n\t\t\t\t\t\t\t\tdata-frame_1=\"e:power2.inOut;st:500;\"\n\t\t\t\t\t\t\t\tdata-frame_999=\"o:0;e:nothing;st:w;\"\n\t\t\t\t\t\t\t\tstyle=\"z-index:7;font-family:'Actor';\"\n\t\t\t\t\t\t\t>\"Our Conveyor Belts are known \n\t\t\t\t\t\t\t<\/rs-layer><!--\n\n\t\t\t\t\t\t\t--><rs-layer\n\t\t\t\t\t\t\t\tid=\"slider-1-slide-11-layer-9\" \n\t\t\t\t\t\t\t\tclass=\"Fashion-BigDisplay\"\n\t\t\t\t\t\t\t\tdata-type=\"text\"\n\t\t\t\t\t\t\t\tdata-color=\"rgba(255,255,255,1)\"\n\t\t\t\t\t\t\t\tdata-rsp_ch=\"on\"\n\t\t\t\t\t\t\t\tdata-xy=\"x:290px;y:299px;\"\n\t\t\t\t\t\t\t\tdata-text=\"s:40;l:60;ls:2px;\"\n\t\t\t\t\t\t\t\tdata-frame_1=\"e:power2.inOut;st:500;\"\n\t\t\t\t\t\t\t\tdata-frame_999=\"o:0;e:nothing;st:w;\"\n\t\t\t\t\t\t\t\tstyle=\"z-index:8;font-family:'Actor';\"\n\t\t\t\t\t\t\t>\nfor its quality and industrial durability, \n\t\t\t\t\t\t\t<\/rs-layer><!--\n\n\t\t\t\t\t\t\t--><rs-layer\n\t\t\t\t\t\t\t\tid=\"slider-1-slide-11-layer-10\" \n\t\t\t\t\t\t\t\tclass=\"Fashion-BigDisplay\"\n\t\t\t\t\t\t\t\tdata-type=\"text\"\n\t\t\t\t\t\t\t\tdata-color=\"rgba(255,255,255,1)\"\n\t\t\t\t\t\t\t\tdata-rsp_ch=\"on\"\n\t\t\t\t\t\t\t\tdata-xy=\"x:245px;y:367px;\"\n\t\t\t\t\t\t\t\tdata-text=\"s:40;l:60;ls:2px;\"\n\t\t\t\t\t\t\t\tdata-frame_1=\"e:power2.inOut;st:500;\"\n\t\t\t\t\t\t\t\tdata-frame_999=\"o:0;e:nothing;st:w;\"\n\t\t\t\t\t\t\t\tstyle=\"z-index:9;font-family:'Actor';\"\n\t\t\t\t\t\t\t>being the preferred brand in the sector with \n\t\t\t\t\t\t\t<\/rs-layer><!--\n\n\t\t\t\t\t\t\t--><rs-layer\n\t\t\t\t\t\t\t\tid=\"slider-1-slide-11-layer-11\" \n\t\t\t\t\t\t\t\tclass=\"Fashion-BigDisplay\"\n\t\t\t\t\t\t\t\tdata-type=\"text\"\n\t\t\t\t\t\t\t\tdata-color=\"rgba(255,255,255,1)\"\n\t\t\t\t\t\t\t\tdata-rsp_ch=\"on\"\n\t\t\t\t\t\t\t\tdata-xy=\"x:323px;y:431px;\"\n\t\t\t\t\t\t\t\tdata-text=\"s:40;l:60;ls:2px;\"\n\t\t\t\t\t\t\t\tdata-frame_1=\"e:power2.inOut;st:500;\"\n\t\t\t\t\t\t\t\tdata-frame_999=\"o:0;e:nothing;st:w;\"\n\t\t\t\t\t\t\t\tstyle=\"z-index:10;font-family:'Actor';\"\n\t\t\t\t\t\t\t>\nnew products and great innovations. \" \n\t\t\t\t\t\t\t<\/rs-layer><!--\n\n\t\t\t\t\t\t\t--><a\n\t\t\t\t\t\t\t\tid=\"slider-1-slide-11-layer-15\" \n\t\t\t\t\t\t\t\tclass=\"rs-layer rev-btnrev-withicon\"\n\t\t\t\t\t\t\t\thref=\"https:\/\/oyc.lat\/en\/contact\/\" target=\"_self\"\n\t\t\t\t\t\t\t\tdata-type=\"button\"\n\t\t\t\t\t\t\t\tdata-color=\"rgba(242,242,242,1)\"\n\t\t\t\t\t\t\t\tdata-xy=\"x:560px;y:560px;\"\n\t\t\t\t\t\t\t\tdata-text=\"s:25;l:17;fw:500;\"\n\t\t\t\t\t\t\t\tdata-rsp_bd=\"off\"\n\t\t\t\t\t\t\t\tdata-padding=\"t:12;r:35;b:12;l:35;\"\n\t\t\t\t\t\t\t\tdata-border=\"bor:30px,30px,30px,30px;\"\n\t\t\t\t\t\t\t\tdata-frame_1=\"e:power2.inOut;st:500;\"\n\t\t\t\t\t\t\t\tdata-frame_999=\"o:0;e:nothing;st:w;\"\n\t\t\t\t\t\t\t\tdata-frame_hover=\"c:#000;bgc:#fff;boc:#000;bor:30px,30px,30px,30px;bos:solid;oX:50;oY:50;sp:0;e:none;\"\n\t\t\t\t\t\t\t\tstyle=\"z-index:11;background-color:rgba(60,54,130,0.75);font-family:'Roboto';cursor:pointer;outline:none;box-shadow:none;box-sizing:border-box;-moz-box-sizing:border-box;-webkit-box-sizing:border-box;\"\n\t\t\t\t\t\t\t>Contact \n\t\t\t\t\t\t\t<\/a><!--\n-->\t\t\t\t\t<\/rs-slide>\n\t\t\t\t\t\t<rs-slide style=\"position: absolute;\" data-key=\"rs-7\" data-title=\"Slide\" data-thumb=\"\/\/oyc.lat\/en\/wp-content\/uploads\/2020\/10\/MISION-VISION-INGLES-01-100x50.jpg\" data-anim=\"adpr:false;\" data-in=\"o:0;\" data-out=\"a:false;\">\n\t\t\t\t\t\t\t<img decoding=\"async\" src=\"\/\/oyc.lat\/en\/wp-content\/plugins\/revslider\/sr6\/assets\/assets\/dummy.png\" alt=\"\" title=\"MISION VISION INGLES-01\" width=\"4000\" height=\"1606\" class=\"rev-slidebg tp-rs-img rs-lazyload\" data-lazyload=\"\/\/oyc.lat\/en\/wp-content\/uploads\/2020\/10\/MISION-VISION-INGLES-01.jpg\" data-bg=\"f:contain;\" data-no-retina>\n<!--\n\t\t\t\t\t\t\t--><rs-layer\n\t\t\t\t\t\t\t\tid=\"slider-1-slide-7-layer-2\" \n\t\t\t\t\t\t\t\tclass=\"Fashion-BigDisplay\"\n\t\t\t\t\t\t\t\tdata-type=\"text\"\n\t\t\t\t\t\t\t\tdata-color=\"rgba(255,255,255,1)\"\n\t\t\t\t\t\t\t\tdata-rsp_ch=\"on\"\n\t\t\t\t\t\t\t\tdata-xy=\"x:559px;y:117px;\"\n\t\t\t\t\t\t\t\tdata-text=\"w:normal;s:20;l:30;ls:2px;fw:300;\"\n\t\t\t\t\t\t\t\tdata-dim=\"w:436px;\"\n\t\t\t\t\t\t\t\tdata-frame_1=\"e:power2.inOut;st:500;\"\n\t\t\t\t\t\t\t\tdata-frame_999=\"y:100%;e:nothing;st:w;\"\n\t\t\t\t\t\t\t\tdata-frame_999_mask=\"u:t;\"\n\t\t\t\t\t\t\t\tstyle=\"z-index:6;font-family:'Arial', 'Helvetica', 'sans-serif';\"\n\t\t\t\t\t\t\t>Textile solutions to impossible problems\n \n\t\t\t\t\t\t\t<\/rs-layer><!--\n\n\t\t\t\t\t\t\t--><rs-layer\n\t\t\t\t\t\t\t\tid=\"slider-1-slide-7-layer-3\" \n\t\t\t\t\t\t\t\tclass=\"tp-shapetp-shapewrapper\"\n\t\t\t\t\t\t\t\tdata-type=\"shape\"\n\t\t\t\t\t\t\t\tdata-rsp_ch=\"on\"\n\t\t\t\t\t\t\t\tdata-xy=\"x:549px;y:94px;\"\n\t\t\t\t\t\t\t\tdata-text=\"w:normal;fw:100;\"\n\t\t\t\t\t\t\t\tdata-dim=\"w:448px;h:110px;\"\n\t\t\t\t\t\t\t\tdata-frame_1=\"e:power2.inOut;st:500;\"\n\t\t\t\t\t\t\t\tdata-frame_999=\"o:0;e:nothing;st:w;\"\n\t\t\t\t\t\t\t\tstyle=\"z-index:5;background-color:rgba(37,116,169,0.50);\"\n\t\t\t\t\t\t\t> \n\t\t\t\t\t\t\t<\/rs-layer><!--\n\n\t\t\t\t\t\t\t--><rs-layer\n\t\t\t\t\t\t\t\tid=\"slider-1-slide-7-layer-4\" \n\t\t\t\t\t\t\t\tclass=\"rev-btn\"\n\t\t\t\t\t\t\t\tdata-type=\"button\"\n\t\t\t\t\t\t\t\tdata-color=\"rgba(255,255,255,1)\"\n\t\t\t\t\t\t\t\tdata-xy=\"x:872px;y:161px;\"\n\t\t\t\t\t\t\t\tdata-text=\"s:14;l:14;fw:500;\"\n\t\t\t\t\t\t\t\tdata-actions='o:click;a:simplelink;target:_self;url:https:\/\/oyc.lat\/en\/contact\/;'\n\t\t\t\t\t\t\t\tdata-rsp_bd=\"off\"\n\t\t\t\t\t\t\t\tdata-padding=\"t:10;r:30;b:10;l:30;\"\n\t\t\t\t\t\t\t\tdata-border=\"bor:30px,30px,30px,30px;\"\n\t\t\t\t\t\t\t\tdata-frame_1=\"e:power2.inOut;st:500;\"\n\t\t\t\t\t\t\t\tdata-frame_999=\"o:0;e:nothing;st:w;\"\n\t\t\t\t\t\t\t\tdata-frame_hover=\"c:#000;bgc:#fff;boc:#000;bor:30px,30px,30px,30px;bos:solid;oX:50;oY:50;sp:0;e:none;\"\n\t\t\t\t\t\t\t\tstyle=\"z-index:7;background-color:rgba(0,0,0,0.75);font-family:'Roboto';cursor:pointer;outline:none;box-shadow:none;box-sizing:border-box;-moz-box-sizing:border-box;-webkit-box-sizing:border-box;\"\n\t\t\t\t\t\t\t>Contact \n\t\t\t\t\t\t\t<\/rs-layer><!--\n\n\t\t\t\t\t\t\t--><rs-layer\n\t\t\t\t\t\t\t\tid=\"slider-1-slide-7-layer-5\" \n\t\t\t\t\t\t\t\tclass=\"Fashion-BigDisplay\"\n\t\t\t\t\t\t\t\tdata-type=\"text\"\n\t\t\t\t\t\t\t\tdata-color=\"rgba(0,0,0,1)\"\n\t\t\t\t\t\t\t\tdata-rsp_ch=\"on\"\n\t\t\t\t\t\t\t\tdata-xy=\"x:100px;y:98px;\"\n\t\t\t\t\t\t\t\tdata-text=\"s:60;l:60;ls:2px;fw:900;\"\n\t\t\t\t\t\t\t\tdata-frame_1=\"e:power2.inOut;st:500;\"\n\t\t\t\t\t\t\t\tdata-frame_999=\"o:0;e:nothing;st:w;\"\n\t\t\t\t\t\t\t\tstyle=\"z-index:8;font-family:'Raleway';\"\n\t\t\t\t\t\t\t> \n\t\t\t\t\t\t\t<\/rs-layer><!--\n-->\t\t\t\t\t<\/rs-slide>\n\t\t\t\t\t<\/rs-slides>\n\t\t\t\t<\/rs-module>\n\t\t\t\t<script>\n\t\t\t\t\tsetREVStartSize({c: 'rev_slider_1_1',rl:[1240,1024,778,480],el:[668],gw:[1240],gh:[668],type:'standard',justify:'',layout:'fullwidth',mh:\"0\"});if (window.RS_MODULES!==undefined && window.RS_MODULES.modules!==undefined && window.RS_MODULES.modules[\"revslider11\"]!==undefined) {window.RS_MODULES.modules[\"revslider11\"].once = false;window.revapi1 = undefined;if (window.RS_MODULES.checkMinimal!==undefined) window.RS_MODULES.checkMinimal()}\n\t\t\t\t<\/script>\n\t\t\t<\/rs-module-wrap>\n\t\t\t<!-- END REVOLUTION SLIDER -->\n[\/vc_column][\/vc_row][vc_row bg_parallax=&#8221;off&#8221; bg_slider=&#8221;off&#8221; bg_video=&#8221;off&#8221; css=&#8221;.vc_custom_1454973233208{margin-top: 0px !important;margin-bottom: 0px !important;padding-top: 60px !important;padding-bottom: 0px !important;}&#8221;][vc_column][vc_custom_heading text=&#8221;Quality in Motion&#8221; font_container=&#8221;tag:h2|font_size:50|text_align:center|color:%231e73be|line_height:54px&#8221; google_fonts=&#8221;font_family:Old%20Standard%20TT%3Aregular%2Citalic%2C700|font_style:400%20regular%3A400%3Anormal&#8221; css=&#8221;.vc_custom_1600786891746{padding-right: 10% !important;padding-left: 10% !important;}&#8221;][\/vc_column][\/vc_row][vc_row bg_parallax=&#8221;off&#8221; bg_slider=&#8221;off&#8221; bg_video=&#8221;off&#8221; bottom_button=&#8221;off&#8221; css=&#8221;.vc_custom_1428172885136{margin-top: 0px !important;margin-bottom: 0px !important;padding-bottom: 60px !important;}&#8221;][vc_column][vc_column_text css=&#8221;.vc_custom_1600786923802{margin-bottom: 0px !important;padding-bottom: 10px !important;}&#8221;]<\/p>\n<h4>SERVICES<\/h4>\n<p>[\/vc_column_text]<div class=\"header-line\" style=\"background-color:#dfdfdf\"><span style=\"height:1px;background-color:#ffc000\"><\/span><\/div>[vc_row_inner][vc_column_inner width=&#8221;1\/3&#8243;]<div class=\"ozy-simple-hove-box\" id=\"simple-hove-box-1361\"><h5><span class=\"cbox\"><\/span>Technical advice<\/h5><a href=\"https:\/\/oyc.lat\/en\/contact\/\" target=\"_self\" id=\"simple-hove-box-1361\">\n<img decoding=\"async\" src=\"https:\/\/oyc.lat\/en\/wp-content\/uploads\/2024\/11\/Sin-titulo-1-1.jpg\" alt=\"Technical advice\"\/><section><p class=\"ozy-vertical-centered-element\">Scheduled visits to our clients for the elaboration of diagnoses and budgets.<\/p><\/section>\n<\/a>\n<\/div>[\/vc_column_inner][vc_column_inner width=&#8221;1\/3&#8243;]<div class=\"ozy-simple-hove-box\" id=\"simple-hove-box-4059\"><h5><span class=\"cbox\"><\/span>Research and development center<\/h5><a href=\"\/nosotros\/#cideo\" target=\"_self\" id=\"simple-hove-box-4059\">\n<img decoding=\"async\" src=\"https:\/\/oyc.lat\/en\/wp-content\/uploads\/2016\/02\/inicio_cideo.jpg\" alt=\"Research and development center\"\/><section><p class=\"ozy-vertical-centered-element\">Our new center designed to perform laboratory tests<\/p><\/section>\n<\/a>\n<\/div>[\/vc_column_inner][vc_column_inner width=&#8221;1\/3&#8243;]<div class=\"ozy-simple-hove-box\" id=\"simple-hove-box-9774\"><h5><span class=\"cbox\"><\/span>Installation of conveyor belts<\/h5><a href=\"https:\/\/oyc.lat\/en\/bandas-transportadoras\/\" target=\"_self\" id=\"simple-hove-box-9774\">\n<img decoding=\"async\" src=\"https:\/\/oyc.lat\/en\/wp-content\/uploads\/2016\/02\/instalacion.jpg\" alt=\"Installation of conveyor belts\"\/><section><p class=\"ozy-vertical-centered-element\">365 days a year and periodic review of operation.<\/p><\/section>\n<\/a>\n<\/div>[\/vc_column_inner][\/vc_row_inner][\/vc_column][\/vc_row][vc_row bg_parallax=&#8221;on&#8221; bg_slider=&#8221;off&#8221; bg_video=&#8221;off&#8221; bottom_button=&#8221;off&#8221; css=&#8221;.vc_custom_1729544941849{margin-top: 0px !important;margin-bottom: 0px !important;padding-top: 70px !important;padding-bottom: 40px !important;background-image: url(https:\/\/oyc.lat\/en\/wp-content\/uploads\/2017\/03\/HILADO.jpg?id=1699) !important;}&#8221; font_color=&#8221;#ffffff&#8221;][vc_column][vc_custom_heading text=&#8221;Currently the generation of solutions through textiles is the philosophy that moves us, always supported by professional actions and through the development of inclusive values as a socially responsible company&#8221; font_container=&#8221;tag:h2|font_size:30|text_align:center|color:%230c0c0c|line_height:34px&#8221; google_fonts=&#8221;font_family:Old%20Standard%20TT%3Aregular%2Citalic%2C700|font_style:400%20regular%3A400%3Anormal&#8221; css=&#8221;.vc_custom_1600787207994{padding-right: 15% !important;padding-bottom: 30px !important;padding-left: 15% !important;}&#8221;]<div id=\"tile-with-icon_icon3408\" class=\"title-with-icon-wrapper clear large \" data-color=\"\"><div class=\"wpb_content_element title-with-icon clearfix top-style\"><a href=\"https:\/\/www.youtube.com\/watch?v=sI-rdOTf-lc&amp;feature=youtu.be\" class=\"fancybox-media\"><span  style=\"color:#ffffff !important;background-color: !important;\" class=\"oic-flaticon5-Play clear large \" ><\/span><\/a><h5 class=\"content-color\" style=\"\"><a href=\"https:\/\/www.youtube.com\/watch?v=sI-rdOTf-lc&amp;feature=youtu.be\" class=\"fancybox-media\">WATCH OUR VIDEO<\/a><\/h5><\/div><\/div>[\/vc_column][\/vc_row][vc_row bg_parallax=&#8221;off&#8221; bg_slider=&#8221;off&#8221; bg_video=&#8221;off&#8221; bottom_button=&#8221;off&#8221; css=&#8221;.vc_custom_1428083978017{margin-top: 0px !important;margin-bottom: 0px !important;padding-top: 30px !important;padding-bottom: 60px !important;}&#8221;][vc_column][vc_column_text css=&#8221;.vc_custom_1600787356551{margin-bottom: 0px !important;padding-bottom: 10px !important;}&#8221;]<\/p>\n<p class=\"p1\">SOME OF OUR CUSTOMERS<\/p>\n<p>[\/vc_column_text]<div class=\"header-line\" style=\"background-color:#dfdfdf\"><span style=\"height:1px;background-color:#ffc000\"><\/span><\/div><div style=\"height:15px\" class=\"ozy-spacer\"><\/div><div class=\"ozy-simple-image-grid hover-model-simple_hover ozy-masonry-gallery column-6\" ><div class=\"thumb\"><a href=\"https:\/\/oyc.lat\/en\/wp-content\/uploads\/2024\/11\/albany.jpg\" class=\"fancybox\" rel=\"gallery\" title=\"albany\"><span><\/span><img decoding=\"async\" src=\"https:\/\/oyc.lat\/en\/wp-content\/uploads\/2024\/11\/albany.jpg\" alt=\"\"\/><\/a><\/div><div class=\"thumb\"><a href=\"https:\/\/oyc.lat\/en\/wp-content\/uploads\/2024\/11\/bimbo.jpg\" class=\"fancybox\" rel=\"gallery\" title=\"bimbo\"><span><\/span><img decoding=\"async\" src=\"https:\/\/oyc.lat\/en\/wp-content\/uploads\/2024\/11\/bimbo.jpg\" alt=\"\"\/><\/a><\/div><div class=\"thumb\"><a href=\"https:\/\/oyc.lat\/en\/wp-content\/uploads\/2024\/11\/cemex.jpg\" class=\"fancybox\" rel=\"gallery\" title=\"cemex\"><span><\/span><img decoding=\"async\" src=\"https:\/\/oyc.lat\/en\/wp-content\/uploads\/2024\/11\/cemex.jpg\" alt=\"\"\/><\/a><\/div><div class=\"thumb\"><a href=\"https:\/\/oyc.lat\/en\/wp-content\/uploads\/2024\/11\/sabritas.jpg\" class=\"fancybox\" rel=\"gallery\" title=\"sabritas\"><span><\/span><img decoding=\"async\" src=\"https:\/\/oyc.lat\/en\/wp-content\/uploads\/2024\/11\/sabritas.jpg\" alt=\"\"\/><\/a><\/div><div class=\"thumb\"><a href=\"https:\/\/oyc.lat\/en\/wp-content\/uploads\/2024\/11\/smurfit.jpg\" class=\"fancybox\" rel=\"gallery\" title=\"smurfit\"><span><\/span><img decoding=\"async\" src=\"https:\/\/oyc.lat\/en\/wp-content\/uploads\/2024\/11\/smurfit.jpg\" alt=\"\"\/><\/a><\/div><div class=\"thumb\"><a href=\"https:\/\/oyc.lat\/en\/wp-content\/uploads\/2024\/11\/volkswagen.jpg\" class=\"fancybox\" rel=\"gallery\" title=\"volkswagen\"><span><\/span><img decoding=\"async\" src=\"https:\/\/oyc.lat\/en\/wp-content\/uploads\/2024\/11\/volkswagen.jpg\" alt=\"\"\/><\/a><\/div><\/div>[\/vc_column][\/vc_row][vc_row][vc_column][vc_column_text]<\/p>\n<pre id=\"tw-target-text\" class=\"tw-data-text tw-text-large XcVN5d tw-ta\" dir=\"ltr\" data-placeholder=\"Traducci\u00f3n\"><span lang=\"en\" style=\"font-size: 18pt; color: #00ccff;\"> We have other means of payment that guarantee us as a secure company.<\/span><\/pre>\n<p>[\/vc_column_text][\/vc_column][\/vc_row][vc_row][vc_column width=&#8221;1\/3&#8243;][vc_single_image image=&#8221;2465&#8243; img_size=&#8221;125&#215;100&#8243; alignment=&#8221;right&#8221;][\/vc_column][vc_column width=&#8221;1\/3&#8243;][vc_single_image image=&#8221;2464&#8243; img_size=&#8221;150&#215;70&#8243; alignment=&#8221;center&#8221;][\/vc_column][vc_column width=&#8221;1\/3&#8243;][vc_single_image image=&#8221;2471&#8243; img_size=&#8221;100&#215;100&#8243;][\/vc_column][\/vc_row]<\/p>\n<\/div>","protected":false},"excerpt":{"rendered":"<p>[vc_row row_fullwidth=&#8221;1&#8243; row_zero_column_space=&#8221;1&#8243; bg_parallax=&#8221;off&#8221; bg_slider=&#8221;off&#8221; bg_video=&#8221;off&#8221; bottom_button=&#8221;off&#8221; css=&#8221;.vc_custom_1490056776730{margin-top: 0px !important;margin-right: 0px !important;margin-bottom: 0px !important;margin-left: 0px !important;padding-top: 0px !important;padding-right: 0px !important;padding-bottom: 0px !important;padding-left: 0px !important;}&#8221; el_class=&#8221;slideh&#8221;][vc_column][vc_column_text]Bandas de transportaci\u00f3n industrial para el [&hellip;]<\/p>\n","protected":false},"author":1,"featured_media":0,"parent":0,"menu_order":0,"comment_status":"closed","ping_status":"closed","template":"","meta":{"footnotes":""},"aioseo_notices":[],"_links":{"self":[{"href":"https:\/\/oyc.lat\/en\/wp-json\/wp\/v2\/pages\/1544"}],"collection":[{"href":"https:\/\/oyc.lat\/en\/wp-json\/wp\/v2\/pages"}],"about":[{"href":"https:\/\/oyc.lat\/en\/wp-json\/wp\/v2\/types\/page"}],"author":[{"embeddable":true,"href":"https:\/\/oyc.lat\/en\/wp-json\/wp\/v2\/users\/1"}],"replies":[{"embeddable":true,"href":"https:\/\/oyc.lat\/en\/wp-json\/wp\/v2\/comments?post=1544"}],"version-history":[{"count":63,"href":"https:\/\/oyc.lat\/en\/wp-json\/wp\/v2\/pages\/1544\/revisions"}],"predecessor-version":[{"id":2821,"href":"https:\/\/oyc.lat\/en\/wp-json\/wp\/v2\/pages\/1544\/revisions\/2821"}],"wp:attachment":[{"href":"https:\/\/oyc.lat\/en\/wp-json\/wp\/v2\/media?parent=1544"}],"curies":[{"name":"wp","href":"https:\/\/api.w.org\/{rel}","templated":true}]}}