
{"id":1647,"date":"2016-02-09T17:49:14","date_gmt":"2016-02-09T17:49:14","guid":{"rendered":"http:\/\/ovillosyconos.com\/?page_id=1647"},"modified":"2019-11-27T16:38:35","modified_gmt":"2019-11-27T16:38:35","slug":"bandas-transportadoras","status":"publish","type":"page","link":"https:\/\/oyc.lat\/en\/bandas-transportadoras\/","title":{"rendered":"Bandas transportadoras"},"content":{"rendered":"<div class=\"wpb-content-wrapper\"><p>[vc_row][vc_column][vc_custom_heading text=&#8221;Instalaci\u00f3n de Bandas Transportadoras &#8221; font_container=&#8221;tag:h2|font_size:74|text_align:center|color:%231e73be&#8221; google_fonts=&#8221;font_family:Montserrat%3Aregular%2C700|font_style:400%20regular%3A400%3Anormal&#8221;][vc_separator color=&#8221;sky&#8221; border_width=&#8221;7&#8243;][\/vc_column][vc_column][vc_single_image image=&#8221;2334&#8243; img_size=&#8221;full&#8221;][\/vc_column][\/vc_row][vc_row][vc_column width=&#8221;1\/2&#8243;][vc_images_carousel images=&#8221;2361,2462,2454,2524,2539,2608,2526,2525&#8243; img_size=&#8221;300&#215;250&#8243; speed=&#8221;1200&#8243; autoplay=&#8221;yes&#8221; wrap=&#8221;yes&#8221;][\/vc_column][vc_column width=&#8221;1\/2&#8243;][vc_column_text]<span style=\"font-size: 14pt;\">Tenemos el abanico m\u00e1s grande de productos y soluciones disponibles en el mercado,\u00a0desde el grado alimenticio hasta el de exigencia para constructora, llevando innovaci\u00f3n\u00a0y calidad\u00a0a varias partes del mundo, siendo una empresa l\u00edder en el campo,\u00a0con cientos de clientes satisfechos y miles de productos vendidos.<\/span><\/p>\n<p>&nbsp;<\/p>\n<p><span style=\"font-size: 14pt;\">Somos una empresa de exigencia Mundial, somos <span style=\"color: #00ccff;\">Ovillos y Conos<\/span>.<\/span>[\/vc_column_text][\/vc_column][\/vc_row][vc_row][vc_column width=&#8221;1\/2&#8243;][vc_column_text]<span style=\"font-size: 18pt;\">Bandas de algod\u00f3n<\/span><\/p>\n<p><span style=\"font-size: 12pt;\">Las bandas est\u00e1n elaboradas 100% de este material siendo altamente recomendables para las industrias como <span style=\"font-size: 14pt; color: #ff6600;\">Cartonera, Galletera <span style=\"color: #000000; font-size: 12pt;\">y<\/span> Lavandera<\/span>, por sus propiedades antiest\u00e1ticas, resistente a tintas y qu\u00edmicos, la gran capacidad tensil y de desgarre que soportan, adem\u00e1s de no soltar residuos siendo un producto de la m\u00e1s alta calidad hecho para las industrias de mayor grado de exigencia, este producto estrella viene en presentaciones de 1, 2, 3, 4, y 6 capas, que se especializan seg\u00fan el sector al que est\u00e9n dirigidas, pero si necesitas mayor informaci\u00f3n o tienes\u00a0 preguntas no dudes en llamarnos al<\/span>\u00a0 52-55-58995690[\/vc_column_text][\/vc_column][vc_column width=&#8221;1\/2&#8243;][vc_single_image image=&#8221;1898&#8243; img_size=&#8221;500&#215;380&#8243;][\/vc_column][\/vc_row][vc_row][vc_column width=&#8221;1\/2&#8243;][vc_single_image image=&#8221;1910&#8243; img_size=&#8221;500&#215;320&#8243;][\/vc_column][vc_column width=&#8221;1\/2&#8243;][vc_column_text]<span style=\"font-size: 18pt;\">Bandas de Poli\u00e9ster<\/span><\/p>\n<p><span style=\"font-size: 12pt;\">Una base textil 100% poli\u00e9ster resistente a la humedad permite que nuestras banda\u00a0\u00a0puedan ser utilizadas en la industria de alimentos para el transporte y recorte de masa as\u00ed como en \u00e1reas productivas en contacto con merengue y bet\u00fan de igual modo pueden ser usadas en la industria cementera y de aluminio en\u00a0la lona aerodeslizadores de bajo volumen de transportaci\u00f3n as\u00ed como su gran capacidad para realizar trabajo mec\u00e1nico la convierte en una excelente opci\u00f3n para ELEVADORES DE MARTILLOS DE CA\u00cdDA LIBRE, por sus propiedades de elaboraci\u00f3n, siendo uno de nuestro producto m\u00e1s vers\u00e1til en sus presentaciones de 1, 2, 3, 4, y 6 capas<\/span>[\/vc_column_text][\/vc_column][\/vc_row][vc_row][vc_column width=&#8221;1\/2&#8243;][vc_column_text]<\/p>\n<p style=\"text-align: left;\"><span style=\"font-size: 18pt;\">Bandas Sanitarias<\/span><\/p>\n<p><span style=\"font-size: 12pt;\">La banda Alimentex de grado alimenticio es una de nuestras innovaciones m\u00e1s usadas alrededor del mundo siendo as\u00ed una herramienta clave en\u00a0 el procesamiento de productos alimenticios la cual se encuentra constantemente bajo presi\u00f3n para procesar productos m\u00e1s seguros. La mayor\u00eda de las regulaciones mantienen una posici\u00f3n firme ante cada uno de los aspectos del proceso de estos productos ya que deben ser considerados teniendo en mente la seguridad ante todo al mismo tiempo que se procura la calidad y durabilidad de la marca en los procesos m\u00e1s exigentes, su distintivo principal son las cubiertas de\u00a0<span style=\"color: #00ccff; font-size: 14pt;\">Poliuretano, Hule Nitrilo, PVC,<span style=\"font-size: 12pt; color: #333333;\"> que nos garantizan ser el producto que buscas. Si requieres m\u00e1s informaci\u00f3n acerca de nuestros productos no dudes en comunicarte con nosotros, estamos listos para atenderte.<\/span><\/span><\/span>[\/vc_column_text][\/vc_column][vc_column width=&#8221;1\/2&#8243;][vc_gallery interval=&#8221;3&#8243; images=&#8221;1653&#8243; img_size=&#8221;500&#215;280&#8243;][\/vc_column][\/vc_row][vc_row][vc_column width=&#8221;1\/2&#8243;][vc_single_image image=&#8221;2454&#8243; img_size=&#8221;500&#215;400&#8243;][\/vc_column][vc_column width=&#8221;1\/2&#8243;][vc_column_text]<span style=\"font-size: 18pt;\">Bandas Sin Fin<\/span><\/p>\n<p><span style=\"font-size: 14pt;\"><span style=\"font-size: 12pt;\">Las bandas sin fin de la marca Mineralmex son ideales para la industria Cementera y minera pues est\u00e1n elaboradas con una membrana de textil de poli\u00e9ster la cual puede tener una cubierta de<\/span> <\/span><span style=\"color: #00ccff;\">Hule AA, Poliuretano,\u00a0CAA, CAT, HN, HSR<\/span><span style=\"font-size: 14pt;\">\u00a0 <span style=\"font-size: 12pt;\">teniendo uniones de \u00b7 seguros tales como\u00a0 pegado, cosido\u00a0y vulcanizado siendo ideales para las industrias Cementera y Minera, adem\u00e1s de contar con varios tipos de acabado, para garantizar su confiabilidad bajo cualquier prueba y condici\u00f3n, de igual modo estas bandas pueden adicionarse con empujadores y holanes siendo el producto ideal para lo que buscas, \u00bftienes dudas o quieres saber m\u00e1s?, llamanos y compruebalo.<\/span><\/span>[\/vc_column_text][\/vc_column][\/vc_row][vc_row][vc_column width=&#8221;1\/2&#8243;][vc_column_text]<span style=\"font-size: 18pt;\">Bandas para elevador de Cangilones<\/span><\/p>\n<p><span style=\"font-size: 12pt;\">Estas bandas elaboradas con el proceso m\u00e1s avanzado que aseguran su calidad y durabilidad, con su recubierta de hule vulcanizado hechas para soportar las m\u00e1s duras pruebas y condiciones.<\/span>[\/vc_column_text][\/vc_column][vc_column width=&#8221;1\/2&#8243;][vc_single_image image=&#8221;2508&#8243; img_size=&#8221;500&#215;320&#8243;][\/vc_column][\/vc_row]<\/p>\n<\/div>","protected":false},"excerpt":{"rendered":"<p>[vc_row][vc_column][vc_custom_heading text=&#8221;Instalaci\u00f3n de Bandas Transportadoras &#8221; font_container=&#8221;tag:h2|font_size:74|text_align:center|color:%231e73be&#8221; google_fonts=&#8221;font_family:Montserrat%3Aregular%2C700|font_style:400%20regular%3A400%3Anormal&#8221;][vc_separator color=&#8221;sky&#8221; border_width=&#8221;7&#8243;][\/vc_column][vc_column][vc_single_image image=&#8221;2334&#8243; img_size=&#8221;full&#8221;][\/vc_column][\/vc_row][vc_row][vc_column width=&#8221;1\/2&#8243;][vc_images_carousel images=&#8221;2361,2462,2454,2524,2539,2608,2526,2525&#8243; img_size=&#8221;300&#215;250&#8243; speed=&#8221;1200&#8243; autoplay=&#8221;yes&#8221; wrap=&#8221;yes&#8221;][\/vc_column][vc_column width=&#8221;1\/2&#8243;][vc_column_text]Tenemos el abanico m\u00e1s grande de productos y soluciones disponibles en el [&hellip;]<\/p>\n","protected":false},"author":1,"featured_media":0,"parent":0,"menu_order":0,"comment_status":"closed","ping_status":"closed","template":"","meta":{"footnotes":""},"aioseo_notices":[],"_links":{"self":[{"href":"https:\/\/oyc.lat\/en\/wp-json\/wp\/v2\/pages\/1647"}],"collection":[{"href":"https:\/\/oyc.lat\/en\/wp-json\/wp\/v2\/pages"}],"about":[{"href":"https:\/\/oyc.lat\/en\/wp-json\/wp\/v2\/types\/page"}],"author":[{"embeddable":true,"href":"https:\/\/oyc.lat\/en\/wp-json\/wp\/v2\/users\/1"}],"replies":[{"embeddable":true,"href":"https:\/\/oyc.lat\/en\/wp-json\/wp\/v2\/comments?post=1647"}],"version-history":[{"count":28,"href":"https:\/\/oyc.lat\/en\/wp-json\/wp\/v2\/pages\/1647\/revisions"}],"predecessor-version":[{"id":2617,"href":"https:\/\/oyc.lat\/en\/wp-json\/wp\/v2\/pages\/1647\/revisions\/2617"}],"wp:attachment":[{"href":"https:\/\/oyc.lat\/en\/wp-json\/wp\/v2\/media?parent=1647"}],"curies":[{"name":"wp","href":"https:\/\/api.w.org\/{rel}","templated":true}]}}