
{"id":1993,"date":"2017-08-29T15:21:24","date_gmt":"2017-08-29T15:21:24","guid":{"rendered":"http:\/\/ovillosyconos.com\/?page_id=1993"},"modified":"2019-12-05T17:01:40","modified_gmt":"2019-12-05T17:01:40","slug":"cepillos-cernedores","status":"publish","type":"page","link":"https:\/\/oyc.lat\/en\/cepillos-cernedores\/","title":{"rendered":"Cepillos Cernedores"},"content":{"rendered":"<div class=\"wpb-content-wrapper\"><p>[vc_row][vc_column][vc_custom_heading text=&#8221;&#8221; font_container=&#8221;tag:h2|font_size:32|text_align:left&#8221; google_fonts=&#8221;font_family:Montserrat%3Aregular%2C700|font_style:400%20regular%3A400%3Anormal&#8221;][vc_single_image image=&#8221;1990&#8243; img_size=&#8221;full&#8221; add_caption=&#8221;yes&#8221; alignment=&#8221;center&#8221; onclick=&#8221;img_link_large&#8221;][vc_column_text]<span style=\"font-size: 14pt; color: #008000;\">Refine la harina grado alimenticio\u00a0<\/span><\/p>\n<p><span style=\"font-size: 12pt;\">Fabricantes de cepillos cernedores 100% ALGOD\u00d3N especialmente dise\u00f1ados para limpieza de tamiz \/ malla.<\/span><\/p>\n<p><span style=\"color: #008000; font-size: 14pt;\">100% Algod\u00f3n de primera calidad<\/span><\/p>\n<p>[\/vc_column_text][\/vc_column][\/vc_row][vc_row][vc_column][vc_single_image image=&#8221;2004&#8243; img_size=&#8221;full&#8221; alignment=&#8221;center&#8221;][vc_custom_heading text=&#8221;&#8221; font_container=&#8221;tag:h2|font_size:26|text_align:left&#8221;][\/vc_column][\/vc_row][vc_row][vc_column][vc_column_text]<span style=\"font-size: 12pt;\">En diferentes industrias, en especial en la alimenticia, resulta necesario la separaci\u00f3n de part\u00edculas. Para esta operaci\u00f3n existen mallas dise\u00f1adas para permitir una filtraci\u00f3n y captura de las part\u00edculas requeridas, dicha necesidad por separar las part\u00edculas o sustancias esenciales se puede cubrir por medio de niveles sucesivos, para lo cual es necesario contar con un cepillo cernedor.<\/span><\/p>\n<p><span style=\"font-size: 12pt;\">Los cepillos cernedores adem\u00e1s de refinar y separar part\u00edculas tienen una especial funci\u00f3n en los molinos de harina, ya que funcionan como limpiadores, ofreciendo un producto totalmente higi\u00e9nico y libre de part\u00edculas no deseadas.<\/span><\/p>\n<p><span style=\"font-size: 12pt;\">Dentro de la extensa gama de productos con los que contamos, se encuentra la l\u00ednea de cepillos cernedores para molinos harineros. Estos productos pueden ser integrados en todo tipo de molinos de harina, tanto de trigo, como de ma\u00edz, arroz u otros.<\/span><\/p>\n<p><span style=\"font-size: 12pt;\">A diferencia de otros, los cepillos cernedores marca OVYCOSA con la carga de trabajo y el tiempo no pierden sus caracter\u00edsticas de flexibilidad, firmeza y capacidad de limpieza, contribuyendo a alargar la vida \u00fatil de sus sistemas de cernido, as\u00ed como evitar la integraci\u00f3n de part\u00edculas ajenas.<\/span>[\/vc_column_text][\/vc_column][\/vc_row][vc_row][vc_column][vc_single_image image=&#8221;2624&#8243; img_size=&#8221;full&#8221; alignment=&#8221;center&#8221;][vc_custom_heading text=&#8221;&#8221; font_container=&#8221;tag:h2|font_size:26|text_align:left&#8221; google_fonts=&#8221;font_family:Montserrat%3Aregular%2C700|font_style:400%20regular%3A400%3Anormal&#8221;][\/vc_column][\/vc_row][vc_row][vc_column][vc_column_text]<span style=\"font-size: 12pt;\">Entre las principales caracter\u00edsticas de nuestro cepillo cernedor, se encuentra su remache de acero inoxidable el cual proporciona mayor peso y con esto genera una limpieza efectiva del tamiz. Su tejido reforzado permite mayor duraci\u00f3n y menor deshilado.<\/span><\/p>\n<p><span style=\"font-size: 12pt;\">Nuestros cepillos cernedores tienen un espesor de 8 mm ( 54 mm de ancho y 74 mm de largo aprox.) en una presentaci\u00f3n de 100 pzas por caja.<\/span><\/p>\n<p><span style=\"font-size: 12pt;\">Manufacturados con fibras naturales 100% algod\u00f3n, lo que les permite ser su mejor inversi\u00f3n. Existe un producto para cada necesidad, no importando el tipo de entreteladura o el producto a cernir. Contamos con m\u00e1s de 30 a\u00f1os de experiencia en la fabricaci\u00f3n de este producto para los molinos harineros dentro de la industria alimenticia.<\/span><\/p>\n<p><span style=\"font-size: 14pt;\"><strong>Conozca nuestro Men\u00fa, Contacto, Tel\u00e9fono y Direcci\u00f3n de Ovillos y Conos S.A. de C.V.<\/strong><\/span><\/p>\n<p><span style=\"font-size: 14pt;\"><strong>O bien, haga contacto, directo en ovillosyconos.com para mayor informaci\u00f3n sobre sus cepillos cernedores para molinos harineros.<\/strong><\/span>[\/vc_column_text][\/vc_column][\/vc_row]<\/p>\n<\/div>","protected":false},"excerpt":{"rendered":"<p>[vc_row][vc_column][vc_custom_heading text=&#8221;&#8221; font_container=&#8221;tag:h2|font_size:32|text_align:left&#8221; google_fonts=&#8221;font_family:Montserrat%3Aregular%2C700|font_style:400%20regular%3A400%3Anormal&#8221;][vc_single_image image=&#8221;1990&#8243; img_size=&#8221;full&#8221; add_caption=&#8221;yes&#8221; alignment=&#8221;center&#8221; onclick=&#8221;img_link_large&#8221;][vc_column_text]Refine la harina grado alimenticio\u00a0 Fabricantes de cepillos cernedores 100% ALGOD\u00d3N especialmente dise\u00f1ados para limpieza de tamiz \/ malla. 100% Algod\u00f3n de [&hellip;]<\/p>\n","protected":false},"author":2,"featured_media":0,"parent":0,"menu_order":0,"comment_status":"closed","ping_status":"closed","template":"","meta":{"footnotes":""},"aioseo_notices":[],"_links":{"self":[{"href":"https:\/\/oyc.lat\/en\/wp-json\/wp\/v2\/pages\/1993"}],"collection":[{"href":"https:\/\/oyc.lat\/en\/wp-json\/wp\/v2\/pages"}],"about":[{"href":"https:\/\/oyc.lat\/en\/wp-json\/wp\/v2\/types\/page"}],"author":[{"embeddable":true,"href":"https:\/\/oyc.lat\/en\/wp-json\/wp\/v2\/users\/2"}],"replies":[{"embeddable":true,"href":"https:\/\/oyc.lat\/en\/wp-json\/wp\/v2\/comments?post=1993"}],"version-history":[{"count":12,"href":"https:\/\/oyc.lat\/en\/wp-json\/wp\/v2\/pages\/1993\/revisions"}],"predecessor-version":[{"id":2625,"href":"https:\/\/oyc.lat\/en\/wp-json\/wp\/v2\/pages\/1993\/revisions\/2625"}],"wp:attachment":[{"href":"https:\/\/oyc.lat\/en\/wp-json\/wp\/v2\/media?parent=1993"}],"curies":[{"name":"wp","href":"https:\/\/api.w.org\/{rel}","templated":true}]}}