
{"id":2082,"date":"2018-04-13T22:54:18","date_gmt":"2018-04-13T22:54:18","guid":{"rendered":"http:\/\/ovillosyconos.com\/?page_id=2082"},"modified":"2018-04-16T23:00:49","modified_gmt":"2018-04-16T23:00:49","slug":"lonas-para-aerodeslizadores-2","status":"publish","type":"page","link":"https:\/\/oyc.lat\/en\/lonas-para-aerodeslizadores-2\/","title":{"rendered":"Lonas para aerodeslizadores"},"content":{"rendered":"<div class=\"wpb-content-wrapper\"><p>[vc_row][vc_column][vc_single_image image=&#8221;2065&#8243; img_size=&#8221;full&#8221; add_caption=&#8221;yes&#8221; alignment=&#8221;center&#8221; onclick=&#8221;img_link_large&#8221;][vc_column_text]<\/p>\n<p><span style=\"color: #ff6600;\"><span style=\"font-size: 14pt;\">Lonas para aerodeslizadores<\/span>\u00a0<\/span><\/p>\n<p><span style=\"font-size: 12pt;\">Fabricantes de tejidos para transporte neum\u00e1tico en diferentes campos de aplicaci\u00f3n con experiencia de m\u00e1s de 35 a\u00f1os.<\/span><\/p>\n<p><span style=\"font-size: 14pt; color: #ff6600;\">La relaci\u00f3n calidad \/ beneficio es nuestra caracter\u00edstica inigualable.<\/span>[\/vc_column_text][\/vc_column][vc_column][vc_single_image image=&#8221;2066&#8243; img_size=&#8221;full&#8221; add_caption=&#8221;yes&#8221; alignment=&#8221;center&#8221; onclick=&#8221;img_link_large&#8221;][vc_column_text]<span style=\"font-size: 12pt;\">Las Lonas para aerodeslizadores son utilizadas com\u00fanmente en transportaci\u00f3n a granel mediante aerodeslizadores donde la permeabilidad de 3 a 3.5 CFM es un factor muy importante para su correcto funcionamiento.<\/span><\/p>\n<p><span style=\"font-size: 12pt;\">M\u00e1s de 35 a\u00f1os de experiencia respaldan nuestros productos en su industria, as\u00ed como el constante control de especificaciones t\u00e9cnicas tanto en el proceso de manufactura como en producto terminado mediante pruebas de laboratorio.<\/span><\/p>\n<p><span style=\"font-size: 12pt;\">La presentaci\u00f3n de Lonas para erodeslizadores CORTAMEX 4 capas podr\u00e1 ser en espesores de 3.5 mm, 4.5 mm, 6.5 mm, 7.5 mm y 9 mm, con la capacidad de dise\u00f1ar tejidos de acuerdo a la necesidad de cada cliente.\u00a0<\/span>[\/vc_column_text][\/vc_column][\/vc_row][vc_row][vc_column][vc_single_image image=&#8221;2067&#8243; img_size=&#8221;full&#8221; add_caption=&#8221;yes&#8221; alignment=&#8221;center&#8221; onclick=&#8221;img_link_large&#8221;][vc_column_text]<span style=\"font-size: 12pt;\">Su gran capacidad para realizar trabajo mec\u00e1nico la convierte en una excelente opci\u00f3n para SILOS, TANQUES, SISTEMAS DE TRANSPORTE, VENTILACION, AIREACION Y GONDOLAS DE TRANSPORTE. En industrias como: Qu\u00edmica, Cemento, Aluminio, Alimentos.<\/span><\/p>\n<p><span style=\"font-size: 12pt;\">Soportando temperaturas de trabajo de -10\u00b0c y de +300\u00b0c\u00a0<\/span><\/p>\n<p>[\/vc_column_text][\/vc_column][\/vc_row]<\/p>\n<\/div>","protected":false},"excerpt":{"rendered":"<p>[vc_row][vc_column][vc_single_image image=&#8221;2065&#8243; img_size=&#8221;full&#8221; add_caption=&#8221;yes&#8221; alignment=&#8221;center&#8221; onclick=&#8221;img_link_large&#8221;][vc_column_text] Lonas para aerodeslizadores\u00a0 Fabricantes de tejidos para transporte neum\u00e1tico en diferentes campos de aplicaci\u00f3n con experiencia de m\u00e1s de 35 a\u00f1os. La relaci\u00f3n calidad [&hellip;]<\/p>\n","protected":false},"author":2,"featured_media":0,"parent":0,"menu_order":0,"comment_status":"closed","ping_status":"closed","template":"","meta":{"footnotes":""},"aioseo_notices":[],"_links":{"self":[{"href":"https:\/\/oyc.lat\/en\/wp-json\/wp\/v2\/pages\/2082"}],"collection":[{"href":"https:\/\/oyc.lat\/en\/wp-json\/wp\/v2\/pages"}],"about":[{"href":"https:\/\/oyc.lat\/en\/wp-json\/wp\/v2\/types\/page"}],"author":[{"embeddable":true,"href":"https:\/\/oyc.lat\/en\/wp-json\/wp\/v2\/users\/2"}],"replies":[{"embeddable":true,"href":"https:\/\/oyc.lat\/en\/wp-json\/wp\/v2\/comments?post=2082"}],"version-history":[{"count":3,"href":"https:\/\/oyc.lat\/en\/wp-json\/wp\/v2\/pages\/2082\/revisions"}],"predecessor-version":[{"id":2087,"href":"https:\/\/oyc.lat\/en\/wp-json\/wp\/v2\/pages\/2082\/revisions\/2087"}],"wp:attachment":[{"href":"https:\/\/oyc.lat\/en\/wp-json\/wp\/v2\/media?parent=2082"}],"curies":[{"name":"wp","href":"https:\/\/api.w.org\/{rel}","templated":true}]}}