
{"id":2094,"date":"2018-05-09T15:33:55","date_gmt":"2018-05-09T15:33:55","guid":{"rendered":"http:\/\/ovillosyconos.com\/?page_id=2094"},"modified":"2018-05-09T18:14:57","modified_gmt":"2018-05-09T18:14:57","slug":"juntas-de-expansion","status":"publish","type":"page","link":"https:\/\/oyc.lat\/en\/juntas-de-expansion\/","title":{"rendered":"Juntas de expansi\u00f3n"},"content":{"rendered":"<div class=\"wpb-content-wrapper\"><p>[vc_row][vc_column][vc_single_image image=&#8221;2104&#8243; img_size=&#8221;full&#8221; alignment=&#8221;center&#8221; onclick=&#8221;img_link_large&#8221;][vc_column_text]<span style=\"color: #00ccff; font-size: 14pt;\">Juntas de expansi\u00f3n TF-NOM-HSR<\/span><\/p>\n<p><span style=\"font-size: 12pt;\">Nuestra junta de expansi\u00f3n MINERALMEX, es un ensamble &#8220;flexible&#8221; que incorporan un elemento textil\/hule con capacidad de absorber movimiento y vibraci\u00f3n producido por condiciones f\u00edsicas o mec\u00e1nicas en ductos y tuber\u00edas.<\/span><\/p>\n<p><span style=\"color: #00ccff; font-size: 14pt;\">Capacidad de dise\u00f1o, ingenier\u00eda y manufactura que garantizan su fabricaci\u00f3n.<\/span>[\/vc_column_text][vc_single_image image=&#8221;2102&#8243; img_size=&#8221;full&#8221; alignment=&#8221;center&#8221; onclick=&#8221;img_link_large&#8221;][\/vc_column][vc_column][vc_single_image image=&#8221;2108&#8243; img_size=&#8221;full&#8221; alignment=&#8221;center&#8221; onclick=&#8221;img_link_large&#8221;][vc_column_text]<span style=\"font-size: 12pt;\">Las juntas de expansi\u00f3n MINERALMEX, son estructuras que tiene una gran capacidad de adaptarse a diferentes formas y confecciones. Su funci\u00f3n es absorber las expansiones y contracciones de ductos met\u00e1licos sometidos a fuertes diferencias de temperatura. Contamos con 2 presentaciones: 1 capa (2 mm), 2 capas (4 mm).<\/span><\/p>\n<p><span style=\"font-size: 12pt;\">Disminuyen los esfuerzos causados por las expansiones y compresiones que suceden en distintos tipos de tuber\u00edas, reduciendo satisfactoriamente las vibraciones y ruido. El peligro del &#8220;pandeo&#8221; en las tuber\u00edas que es originado por la contracciones y expansiones en disminuido por el aislamiento de vibraciones que estos conectores suministran. Con una amplia experiencia en Industria de Miner\u00eda y Cementos podemos afirmar que son ideales para ductos de gases a la intemperie como despu\u00e9s de VTI, ductos de intercambio aire-aire, descargas de transportador de Clinker, para ductos de molinos de carb\u00f3n, harina y ceniceros.<\/span>[\/vc_column_text][vc_single_image image=&#8221;2109&#8243; img_size=&#8221;full&#8221; alignment=&#8221;center&#8221; onclick=&#8221;img_link_large&#8221;][\/vc_column][vc_column][vc_single_image image=&#8221;2111&#8243; img_size=&#8221;full&#8221; alignment=&#8221;center&#8221; onclick=&#8221;img_link_large&#8221;][vc_column_text]<span style=\"font-size: 12pt;\">La aplicaci\u00f3n de estos elementos en el mercado es muy amplia, aunque puede afirmarse que tienden a concentrarse mayoritariamente en la Industria Cementera y todas aquellas instalaciones industriales que en sus procesos presenten grandes diferencias de temperatura y, que empleen ductos intercambiadores de aire y gases.<\/span><\/p>\n<p><span style=\"font-size: 12pt;\">Nuestras juntas de expansi\u00f3n fabricadas con recubrimientos de HSR MINERALMEX representan hoy d\u00eda la respuesta m\u00e1s econ\u00f3mica y eficiente a raz\u00f3n costo-beneficio para enfrentar movimientos y variaciones en la extensi\u00f3n de los ductos de intercambio, dadas la alta resistencia y durabilidad a toda condici\u00f3n corrosiva y a su propiedad de flexibilidad y fuerza tensil debido a refuerzos que empleamos con tejidos en meta-aramida pueden sustituir con toda seguridad a la juntas armadas con mallas de acero y por su condici\u00f3n impermeable garantizan una mejor operaci\u00f3n ya sea con presi\u00f3n positiva o negativa.<\/span><\/p>\n<p><span style=\"font-size: 12pt;\">Presentaci\u00f3n en rollo de <span style=\"font-size: 14pt;\"><strong>50, 100 y 150 cm<\/strong><\/span> de ancho, la construcci\u00f3n de nuestras juntas MINERALMEX le permiten al instalador recortar a la medida sin tener deshilado a lo largo o ancho y lograr acoplamientos flexibles.<\/span><\/p>\n<p><span style=\"font-size: 12pt;\">Confecciones especiales bajo la solicitud del cliente.<\/span><\/p>\n<p>Conozca el Men\u00fa, Productos, Direcci\u00f3n y Tel\u00e9fono de Ovillos y Conos.[\/vc_column_text][vc_single_image image=&#8221;2112&#8243; img_size=&#8221;full&#8221; alignment=&#8221;center&#8221;][\/vc_column][\/vc_row]<\/p>\n<\/div>","protected":false},"excerpt":{"rendered":"<p>[vc_row][vc_column][vc_single_image image=&#8221;2104&#8243; img_size=&#8221;full&#8221; alignment=&#8221;center&#8221; onclick=&#8221;img_link_large&#8221;][vc_column_text]Juntas de expansi\u00f3n TF-NOM-HSR Nuestra junta de expansi\u00f3n MINERALMEX, es un ensamble &#8220;flexible&#8221; que incorporan un elemento textil\/hule con capacidad de absorber movimiento y vibraci\u00f3n producido [&hellip;]<\/p>\n","protected":false},"author":2,"featured_media":0,"parent":0,"menu_order":0,"comment_status":"closed","ping_status":"closed","template":"","meta":{"footnotes":""},"aioseo_notices":[],"_links":{"self":[{"href":"https:\/\/oyc.lat\/en\/wp-json\/wp\/v2\/pages\/2094"}],"collection":[{"href":"https:\/\/oyc.lat\/en\/wp-json\/wp\/v2\/pages"}],"about":[{"href":"https:\/\/oyc.lat\/en\/wp-json\/wp\/v2\/types\/page"}],"author":[{"embeddable":true,"href":"https:\/\/oyc.lat\/en\/wp-json\/wp\/v2\/users\/2"}],"replies":[{"embeddable":true,"href":"https:\/\/oyc.lat\/en\/wp-json\/wp\/v2\/comments?post=2094"}],"version-history":[{"count":7,"href":"https:\/\/oyc.lat\/en\/wp-json\/wp\/v2\/pages\/2094\/revisions"}],"predecessor-version":[{"id":2113,"href":"https:\/\/oyc.lat\/en\/wp-json\/wp\/v2\/pages\/2094\/revisions\/2113"}],"wp:attachment":[{"href":"https:\/\/oyc.lat\/en\/wp-json\/wp\/v2\/media?parent=2094"}],"curies":[{"name":"wp","href":"https:\/\/api.w.org\/{rel}","templated":true}]}}