
{"id":2117,"date":"2018-05-23T22:58:18","date_gmt":"2018-05-23T22:58:18","guid":{"rendered":"http:\/\/ovillosyconos.com\/?page_id=2117"},"modified":"2019-11-27T16:28:28","modified_gmt":"2019-11-27T16:28:28","slug":"lonas-impermeables","status":"publish","type":"page","link":"https:\/\/oyc.lat\/en\/lonas-impermeables\/","title":{"rendered":"Lonas impermeables"},"content":{"rendered":"<div class=\"wpb-content-wrapper\"><p>[vc_row][vc_column][vc_single_image image=&#8221;2140&#8243; img_size=&#8221;full&#8221; alignment=&#8221;center&#8221; onclick=&#8221;zoom&#8221;][vc_column_text]<span style=\"color: #339966; font-size: 12pt;\"><span style=\"color: #008000;\">Lonas para transportes en la industria<\/span>\u00a0<\/span><\/p>\n<p><span style=\"font-size: 12pt;\">Somos fabricantes de Lonas impermeables ideales para cubrir todo tipo de materiales expuestos a las inclemencias meteorol\u00f3gicas. Todas las lonas que tenemos bajo nuestra marca OVYCOSA ofrecen gran resistencia, gracias en gran medida a nuestros textiles especialzados y a confecciones reforzadas.<\/span><\/p>\n<p style=\"text-align: center;\"><span style=\"color: #008000; font-size: 12pt;\">\u00a1Las lonas de algod\u00f3n permiten la respiraci\u00f3n a trav\u00e9s de su tejido generando una sensaci\u00f3n de frescura y evita la condensaci\u00f3n interna!<\/span><\/p>\n<p>[\/vc_column_text][vc_single_image image=&#8221;2142&#8243; img_size=&#8221;full&#8221; alignment=&#8221;center&#8221; onclick=&#8221;zoom&#8221;][\/vc_column][\/vc_row][vc_row][vc_column][vc_single_image image=&#8221;2143&#8243; img_size=&#8221;full&#8221; alignment=&#8221;center&#8221;][vc_column_text]<span style=\"font-size: 12pt;\">Nuestras lonas impermeables OVYCOSA base algod\u00f3n &amp; poli\u00e9ster ideales para aplicaciones generales en la industria de uso rudo, por su inigualable resistencia pero a la vez con la mejor presentaci\u00f3n y est\u00e9tica, es la m\u00e1s vers\u00e1til del mercado en su tipo. Este producto ofrece la combinaci\u00f3n perfecta entre flexibilidad, resistencia, confecci\u00f3n, materiales, cuerpo y es 100% impermeable.<\/span>[\/vc_column_text][\/vc_column][\/vc_row][vc_row][vc_column width=&#8221;1\/2&#8243;][vc_column_text]<span style=\"font-size: 12pt;\"><strong>Propiedades\u00a0<\/strong><\/span><\/p>\n<p><span style=\"font-size: 12pt;\">Puntas de tensi\u00f3n en las esquinas.<\/span><\/p>\n<p><span style=\"font-size: 12pt;\">Confecci\u00f3n con costuras reforzadas<\/span><\/p>\n<p><span style=\"font-size: 12pt;\">Prolongada vida \u00fatil<\/span><\/p>\n<p><span style=\"font-size: 12pt;\">Usos comerciales e industriales<\/span><\/p>\n<p><span style=\"font-size: 12pt;\"><strong>Aplicaciones<\/strong><\/span><\/p>\n<p><span style=\"font-size: 12pt;\">Protecci\u00f3n de materiales a la intemperie, ideal para cubrir materiales:<\/span><\/p>\n<ul>\n<li style=\"padding-left: 60px;\"><span style=\"font-size: 12pt;\">Cemento<\/span><\/li>\n<li style=\"padding-left: 60px;\"><span style=\"font-size: 12pt;\">Electr\u00f3nicos<\/span><\/li>\n<li style=\"padding-left: 60px;\"><span style=\"font-size: 12pt;\">Perecederos, etc.<\/span><\/li>\n<\/ul>\n<p>[\/vc_column_text][\/vc_column][vc_column width=&#8221;1\/2&#8243;][vc_single_image image=&#8221;2144&#8243; img_size=&#8221;full&#8221; alignment=&#8221;center&#8221; onclick=&#8221;zoom&#8221;][\/vc_column][vc_column][vc_single_image image=&#8221;2145&#8243; img_size=&#8221;full&#8221; alignment=&#8221;center&#8221;][vc_column_text]<span style=\"font-size: 12pt;\">Lona pl\u00e1stica OVYCOSA recubierta de PVC para todo tipo de uso con aplicaciones\u00a0generales en la industria donde se necesita resguardo y durabilidad, cuenta con\u00a0confecciones reforzadas, gran ligereza y extraordinaria construcci\u00f3n, es plastificada,\u00a0con acabado y material vistoso.<\/span><\/p>\n<p><span style=\"font-size: 12pt;\"><strong>Color:\u00a0<\/strong>Azul, verde, gris, blanco.<\/span><\/p>\n<p><span style=\"font-size: 12pt;\"><strong>Usos:\u00a0<\/strong>Lonas, cubiertas, toldos y carpas.<\/span>[\/vc_column_text][vc_single_image image=&#8221;2138&#8243; img_size=&#8221;full&#8221; alignment=&#8221;center&#8221; onclick=&#8221;zoom&#8221;][\/vc_column][\/vc_row][vc_row][vc_column][vc_single_image image=&#8221;2146&#8243; img_size=&#8221;full&#8221; alignment=&#8221;center&#8221;][vc_column_text]<span style=\"font-size: 12pt;\">Las lonas ignifugas OVYCOSA TF-12, son fabricadas 50% Algod\u00f3n 50% Poli\u00e9ster con materiales textiles 100% mexicanos que en su caracter\u00edstica Antiflama rechaza la combusti\u00f3n y protege del fuego debido a su tratamiento retardante de flama y sirven para proteger a las personas, equipos y maquinaria ubicados cerca de un \u00e1rea donde se realicen actividades de soldadura, corte y limpieza de metales as\u00ed como otras actividades \u00a0en las cuales se tenga un riesgo por el posible contacto con el calor producido por las chispas de material fundido.<\/span><\/p>\n<p><span style=\"font-size: 12pt;\">Las lonas OVYCOSA tratadas apropiadamente con el tratamiento retardaste de fuego al cumplir con las pruebas de propagaci\u00f3n de fuego vertical y horizontal lograr\u00e1 o superar\u00e1 los requerimientos para retrasar la dispersi\u00f3n de fuego, reduciendo el fuego lento y generaci\u00f3n de humo, sin embargo, NO previene la carbonizaci\u00f3n.<\/span><\/p>\n<p><span style=\"font-size: 12pt;\"><strong>Usos:<\/strong> Cortinas, mantas y Aislantes.<\/span><\/p>\n<p><span style=\"font-size: 12pt;\">Confecciones de acuerdo a requerimientos espec\u00edficos del cliente.<\/span>[\/vc_column_text][\/vc_column][\/vc_row]<\/p>\n<\/div>","protected":false},"excerpt":{"rendered":"<p>[vc_row][vc_column][vc_single_image image=&#8221;2140&#8243; img_size=&#8221;full&#8221; alignment=&#8221;center&#8221; onclick=&#8221;zoom&#8221;][vc_column_text]Lonas para transportes en la industria\u00a0 Somos fabricantes de Lonas impermeables ideales para cubrir todo tipo de materiales expuestos a las inclemencias meteorol\u00f3gicas. Todas las lonas [&hellip;]<\/p>\n","protected":false},"author":2,"featured_media":0,"parent":0,"menu_order":0,"comment_status":"closed","ping_status":"closed","template":"","meta":{"footnotes":""},"aioseo_notices":[],"_links":{"self":[{"href":"https:\/\/oyc.lat\/en\/wp-json\/wp\/v2\/pages\/2117"}],"collection":[{"href":"https:\/\/oyc.lat\/en\/wp-json\/wp\/v2\/pages"}],"about":[{"href":"https:\/\/oyc.lat\/en\/wp-json\/wp\/v2\/types\/page"}],"author":[{"embeddable":true,"href":"https:\/\/oyc.lat\/en\/wp-json\/wp\/v2\/users\/2"}],"replies":[{"embeddable":true,"href":"https:\/\/oyc.lat\/en\/wp-json\/wp\/v2\/comments?post=2117"}],"version-history":[{"count":10,"href":"https:\/\/oyc.lat\/en\/wp-json\/wp\/v2\/pages\/2117\/revisions"}],"predecessor-version":[{"id":2615,"href":"https:\/\/oyc.lat\/en\/wp-json\/wp\/v2\/pages\/2117\/revisions\/2615"}],"wp:attachment":[{"href":"https:\/\/oyc.lat\/en\/wp-json\/wp\/v2\/media?parent=2117"}],"curies":[{"name":"wp","href":"https:\/\/api.w.org\/{rel}","templated":true}]}}