
{"id":2274,"date":"2019-09-12T19:02:20","date_gmt":"2019-09-12T19:02:20","guid":{"rendered":"https:\/\/ovillosyconos.com\/?page_id=2274"},"modified":"2019-11-20T22:28:02","modified_gmt":"2019-11-20T22:28:02","slug":"mangas-y-colectores-ovycosa","status":"publish","type":"page","link":"https:\/\/oyc.lat\/en\/mangas-y-colectores-ovycosa\/","title":{"rendered":"Mangas y Filtros Ovycosa"},"content":{"rendered":"<div class=\"wpb-content-wrapper\"><p>[vc_row][vc_column][vc_column_text]<\/p>\n<p style=\"text-align: center;\"><span style=\"font-size: 24pt; color: #339966;\"><strong>Mangas y\u00a0Filtros OVYCOSA<\/strong><\/span><\/p>\n<p>[\/vc_column_text][\/vc_column][\/vc_row][vc_row][vc_column width=&#8221;1\/2&#8243;][vc_single_image image=&#8221;2571&#8243; img_size=&#8221;400&#215;400&#8243; alignment=&#8221;center&#8221;][\/vc_column][vc_column width=&#8221;1\/2&#8243;][vc_column_text]<\/p>\n<p style=\"text-align: center;\"><span style=\"font-size: 18pt; color: #339966;\">Filtraci\u00f3n seca<\/span><\/p>\n<p>&nbsp;<\/p>\n<p><span style=\"font-size: 14pt;\">Fabricadas bajo cualquier dise\u00f1o y dimensiones, utilizando medios filtrantes tejidos o agujados en fibras naturales y\u00a0sint\u00e9ticas<\/span><\/p>\n<p>&nbsp;<\/p>\n<ul>\n<li><span style=\"font-size: 14pt;\">Mangas para filtraci\u00f3n y\/o recolecci\u00f3n de polvo en telas de algod\u00f3n y sint\u00e9ticas.<\/span><\/li>\n<li><span style=\"font-size: 14pt;\">Confeccionados a la medida con costuras reforzadas.<\/span><\/li>\n<li><span style=\"font-size: 14pt;\">Fabricadas con grado sanitario<\/span><\/li>\n<\/ul>\n<p>&nbsp;<\/p>\n<p><span style=\"font-size: 14pt;\">Usos: Mangas de descarga, filtraci\u00f3n de az\u00facares o harinas, b\u00e1sculas, colectores y mangueras<\/span>[\/vc_column_text][\/vc_column][\/vc_row][vc_row][vc_column width=&#8221;1\/2&#8243;][vc_column_text]<\/p>\n<p style=\"text-align: center;\"><span style=\"font-size: 18pt; color: #339966;\">Filtraci\u00f3n H\u00fameda<\/span><\/p>\n<p><span style=\"font-size: 14pt;\">Fabricamos\u00a0filtros como son: lonas para filtros prensa, rotatorios, de disco, horizontales, de canasta de cualquier medida hechos especialmente a sus necesidades.<\/span><\/p>\n<p><span style=\"font-size: 14pt;\">Nuestros filtros son fabricados con la mejor materia prima disponible, a partir de tejidos y agujados con diferentes acabados y una amplia gama de porosidades para tener el articulo adecuado para el trabajo<\/span>[\/vc_column_text][\/vc_column][vc_column width=&#8221;1\/2&#8243;][vc_single_image image=&#8221;2572&#8243; img_size=&#8221;450&#215;450&#8243;][\/vc_column][\/vc_row][vc_row][vc_column][vc_column_text]<span style=\"font-size: 14pt;\">M\u00e1s de <span style=\"font-size: 18pt;\">50<\/span> a\u00f1os de experiencia en el mercado, con cientos de clientes satisfechos son nuestra credenciales carta de presentaci\u00f3n, somos un servicio de clase mundial. <\/span><\/p>\n<p><span style=\"font-size: 14pt;\">Nuestras l\u00edneas de producto son de las m\u00e1s alta calidad con filtro para colectores de polvo en cualquier medida y configuraci\u00f3n; lonas para filtro, con estas ayudan a empresas de diferentes industrias a mejorar su productividad y minimizar riesgos de contaminaci\u00f3n as\u00ed como las p\u00e9rdidas de producto por las entradas o salidas de aire.<\/span>[\/vc_column_text][\/vc_column][\/vc_row]<\/p>\n<\/div>","protected":false},"excerpt":{"rendered":"<p>[vc_row][vc_column][vc_column_text] Mangas y\u00a0Filtros OVYCOSA [\/vc_column_text][\/vc_column][\/vc_row][vc_row][vc_column width=&#8221;1\/2&#8243;][vc_single_image image=&#8221;2571&#8243; img_size=&#8221;400&#215;400&#8243; alignment=&#8221;center&#8221;][\/vc_column][vc_column width=&#8221;1\/2&#8243;][vc_column_text] Filtraci\u00f3n seca &nbsp; Fabricadas bajo cualquier dise\u00f1o y dimensiones, utilizando medios filtrantes tejidos o agujados en fibras naturales y\u00a0sint\u00e9ticas &nbsp; [&hellip;]<\/p>\n","protected":false},"author":2,"featured_media":0,"parent":0,"menu_order":0,"comment_status":"closed","ping_status":"closed","template":"","meta":{"footnotes":""},"aioseo_notices":[],"_links":{"self":[{"href":"https:\/\/oyc.lat\/en\/wp-json\/wp\/v2\/pages\/2274"}],"collection":[{"href":"https:\/\/oyc.lat\/en\/wp-json\/wp\/v2\/pages"}],"about":[{"href":"https:\/\/oyc.lat\/en\/wp-json\/wp\/v2\/types\/page"}],"author":[{"embeddable":true,"href":"https:\/\/oyc.lat\/en\/wp-json\/wp\/v2\/users\/2"}],"replies":[{"embeddable":true,"href":"https:\/\/oyc.lat\/en\/wp-json\/wp\/v2\/comments?post=2274"}],"version-history":[{"count":11,"href":"https:\/\/oyc.lat\/en\/wp-json\/wp\/v2\/pages\/2274\/revisions"}],"predecessor-version":[{"id":2587,"href":"https:\/\/oyc.lat\/en\/wp-json\/wp\/v2\/pages\/2274\/revisions\/2587"}],"wp:attachment":[{"href":"https:\/\/oyc.lat\/en\/wp-json\/wp\/v2\/media?parent=2274"}],"curies":[{"name":"wp","href":"https:\/\/api.w.org\/{rel}","templated":true}]}}