
{"id":2308,"date":"2019-09-18T17:57:28","date_gmt":"2019-09-18T17:57:28","guid":{"rendered":"https:\/\/ovillosyconos.com\/?page_id=2308"},"modified":"2019-10-31T18:31:04","modified_gmt":"2019-10-31T18:31:04","slug":"cuerdas-de-yoyo","status":"publish","type":"page","link":"https:\/\/oyc.lat\/en\/cuerdas-de-yoyo\/","title":{"rendered":"Cuerdas de yoyo"},"content":{"rendered":"<div class=\"wpb-content-wrapper\"><p>[vc_row][vc_column][vc_column_text]<span style=\"font-size: 18pt;\"><span style=\"font-size: 24pt;\"><strong>J<\/strong><\/span><span style=\"font-size: 14pt;\">ugar al Yo-Yo no s\u00f3lo depende de habilidad, se requiere la suma de cada detalle que nos ayudan a dar el siguiente paso\u00a0<\/span><\/span><span style=\"font-size: 14pt;\">como la cuerda que te permitir\u00e1 tener un modo de juego \u00fanico impulsandote a llegar a esos trucos que te propones.<\/span><\/p>\n<p style=\"text-align: center;\"><span style=\"font-size: 14pt;\"> Cuerdas torcidas\u00a0m\u00e1s resistentes, calidad en cada fibra y el profesionalismo de siempre.<\/span><\/p>\n<p>&nbsp;<\/p>\n<p>[\/vc_column_text][\/vc_column][\/vc_row][vc_row][vc_column width=&#8221;1\/2&#8243;][vc_single_image image=&#8221;2473&#8243; img_size=&#8221;300&#215;220&#8243; alignment=&#8221;center&#8221;][\/vc_column][vc_column width=&#8221;1\/2&#8243;][vc_column_text]<span style=\"font-size: 14pt;\">Las cuerdas para yoyo de la marca Ovycosa,\u00a0 son fibras entretejidas que te ayudar\u00e1n a conseguir los trucos que quieres, 100% algod\u00f3n y 100% poli\u00e9ster, cuando hablas de calidad, hablas de Ovillos y Conos. Buscalas tipo 6, 8 y 9<\/span><\/p>\n<p>&nbsp;<\/p>\n<p style=\"text-align: center;\"><span style=\"font-size: 14pt; color: #00ccff;\">Recuerda, si es Ovycosa es bueno.\u00a0<\/span><\/p>\n<p>[\/vc_column_text][\/vc_column][\/vc_row][vc_row][vc_column width=&#8221;1\/2&#8243;][vc_column_text]<\/p>\n<p style=\"text-align: center;\"><span style=\"font-size: 14pt; font-family: 'arial black', sans-serif; color: #33cccc;\">PERO SI EST\u00c1S LISTO PARA DAR EL SIGUIENTE PASO, TE INVITAMOS A BUSCAR LA L\u00cdNEA PREMIUM EN:<\/span><\/p>\n<p style=\"text-align: center;\"><span style=\"font-size: 18pt;\"><a href=\"https:\/\/www.eagleyoyostring.com\/\">https:\/\/www.eagleyoyostring.com\/<\/a><\/span><\/p>\n<p>[\/vc_column_text][\/vc_column][vc_column width=&#8221;1\/2&#8243;][vc_images_carousel images=&#8221;2309,2310,2311&#8243; img_size=&#8221;300&#215;270&#8243; speed=&#8221;500&#8243; autoplay=&#8221;yes&#8221; wrap=&#8221;yes&#8221;][\/vc_column][\/vc_row][vc_row][vc_column][vc_single_image image=&#8221;2469&#8243; img_size=&#8221;250&#215;280&#8243; alignment=&#8221;center&#8221;][\/vc_column][\/vc_row]<\/p>\n<\/div>","protected":false},"excerpt":{"rendered":"<p>[vc_row][vc_column][vc_column_text]Jugar al Yo-Yo no s\u00f3lo depende de habilidad, se requiere la suma de cada detalle que nos ayudan a dar el siguiente paso\u00a0como la cuerda que te permitir\u00e1 tener un [&hellip;]<\/p>\n","protected":false},"author":2,"featured_media":0,"parent":0,"menu_order":0,"comment_status":"closed","ping_status":"closed","template":"","meta":{"footnotes":""},"aioseo_notices":[],"_links":{"self":[{"href":"https:\/\/oyc.lat\/en\/wp-json\/wp\/v2\/pages\/2308"}],"collection":[{"href":"https:\/\/oyc.lat\/en\/wp-json\/wp\/v2\/pages"}],"about":[{"href":"https:\/\/oyc.lat\/en\/wp-json\/wp\/v2\/types\/page"}],"author":[{"embeddable":true,"href":"https:\/\/oyc.lat\/en\/wp-json\/wp\/v2\/users\/2"}],"replies":[{"embeddable":true,"href":"https:\/\/oyc.lat\/en\/wp-json\/wp\/v2\/comments?post=2308"}],"version-history":[{"count":8,"href":"https:\/\/oyc.lat\/en\/wp-json\/wp\/v2\/pages\/2308\/revisions"}],"predecessor-version":[{"id":2337,"href":"https:\/\/oyc.lat\/en\/wp-json\/wp\/v2\/pages\/2308\/revisions\/2337"}],"wp:attachment":[{"href":"https:\/\/oyc.lat\/en\/wp-json\/wp\/v2\/media?parent=2308"}],"curies":[{"name":"wp","href":"https:\/\/api.w.org\/{rel}","templated":true}]}}