
{"id":2316,"date":"2019-09-18T21:31:01","date_gmt":"2019-09-18T21:31:01","guid":{"rendered":"https:\/\/ovillosyconos.com\/?page_id=2316"},"modified":"2019-09-18T21:33:43","modified_gmt":"2019-09-18T21:33:43","slug":"cintas-de-kevlar","status":"publish","type":"page","link":"https:\/\/oyc.lat\/en\/cintas-de-kevlar\/","title":{"rendered":"Cintas de Kevlar"},"content":{"rendered":"<div class=\"wpb-content-wrapper\"><p>[vc_row][vc_column][vc_single_image image=&#8221;2320&#8243; img_size=&#8221;full&#8221; alignment=&#8221;center&#8221;][\/vc_column][\/vc_row][vc_row][vc_column][vc_column_text]En Ovillos y Conos se fabrica un amplia gama de productos especailizados para satisfacer sus diferentes necesidades de manufactura. Basados en innovaci\u00f3n y calidad generamos soluciones en textiles t\u00e9cnicos para la industria global.<\/p>\n<p>&nbsp;<\/p>\n<p>Generalidades:<\/p>\n<p>Nuestra Cinta de KVR es de alta calidad, fabricados con fibras de nuestro proveedor especialmente confeccionado para trabajar en las condiciones m\u00e1s severas, cuenta con una excelente resistencia a la temperatura y la tensi\u00f3n. Es resistente al corte, en comparaci\u00f3n con otros tipos de empaquetaduras, que pueden resistir los medios m\u00e1s severos y una mayor presi\u00f3n a trabajo exigente.<\/p>\n<p>Los hilos de fibra de aramida utilizados en este cord\u00f3n est\u00e1n hechos al 100% de fibra para-aramida (KVR) con buen rendimiento t\u00e9rmico comenzando su descomposici\u00f3n hasta los 430\u00bac, con una excelente resistencia mec\u00e1nica, a la tracci\u00f3n y al corte lo convierten en la mejor alternativa para trabajos de alto riesgo.<\/p>\n<p>Su capacidad para resistir \u00e1cidos y diversos solventes , a bajas temperaturas y por periodos cortos de tiempo le dan la confianza para elegir nuestros cordones Ovycosa con fibras KVR, ya que no pierden sus resistencia.[\/vc_column_text][\/vc_column][\/vc_row]<\/p>\n<\/div>","protected":false},"excerpt":{"rendered":"<p>[vc_row][vc_column][vc_single_image image=&#8221;2320&#8243; img_size=&#8221;full&#8221; alignment=&#8221;center&#8221;][\/vc_column][\/vc_row][vc_row][vc_column][vc_column_text]En Ovillos y Conos se fabrica un amplia gama de productos especailizados para satisfacer sus diferentes necesidades de manufactura. Basados en innovaci\u00f3n y calidad generamos soluciones en [&hellip;]<\/p>\n","protected":false},"author":2,"featured_media":0,"parent":0,"menu_order":0,"comment_status":"closed","ping_status":"closed","template":"","meta":{"footnotes":""},"aioseo_notices":[],"_links":{"self":[{"href":"https:\/\/oyc.lat\/en\/wp-json\/wp\/v2\/pages\/2316"}],"collection":[{"href":"https:\/\/oyc.lat\/en\/wp-json\/wp\/v2\/pages"}],"about":[{"href":"https:\/\/oyc.lat\/en\/wp-json\/wp\/v2\/types\/page"}],"author":[{"embeddable":true,"href":"https:\/\/oyc.lat\/en\/wp-json\/wp\/v2\/users\/2"}],"replies":[{"embeddable":true,"href":"https:\/\/oyc.lat\/en\/wp-json\/wp\/v2\/comments?post=2316"}],"version-history":[{"count":5,"href":"https:\/\/oyc.lat\/en\/wp-json\/wp\/v2\/pages\/2316\/revisions"}],"predecessor-version":[{"id":2324,"href":"https:\/\/oyc.lat\/en\/wp-json\/wp\/v2\/pages\/2316\/revisions\/2324"}],"wp:attachment":[{"href":"https:\/\/oyc.lat\/en\/wp-json\/wp\/v2\/media?parent=2316"}],"curies":[{"name":"wp","href":"https:\/\/api.w.org\/{rel}","templated":true}]}}