
{"id":2346,"date":"2019-10-14T15:32:44","date_gmt":"2019-10-14T15:32:44","guid":{"rendered":"https:\/\/ovillosyconos.com\/?page_id=2346"},"modified":"2024-10-30T16:01:13","modified_gmt":"2024-10-30T22:01:13","slug":"cementera","status":"publish","type":"page","link":"https:\/\/oyc.lat\/en\/cementera\/","title":{"rendered":"CEMENTERA"},"content":{"rendered":"<div class=\"wpb-content-wrapper\"><p>[vc_row][vc_column][vc_column_text]<\/p>\n<p style=\"text-align: center;\"><span style=\"font-size: 24pt; color: #1b86c4;\"><strong>Especialistas en la industria Cementera, desarrollamos soluciones en alta resistencia y larga duraci\u00f3n.<\/strong><\/span><\/p>\n<p>[\/vc_column_text][vc_column_text]<span style=\"font-size: 12pt;\">Durante m\u00e1s de 5 d\u00e9cadas Ovillos y Conos ha trabajado d\u00eda a d\u00eda en la mejora constante de sus productos, siendo as\u00ed la marca n\u00famero uno entre los principales proveedores de las marcas m\u00e1s reconocidas en el mundo de la industria cementer, procurando siempre la mejor calidad y durabilidad disponible en el mercado.<\/span>[\/vc_column_text][vc_btn title=&#8221;Click para ver la Infograf\u00eda&#8221; color=&#8221;turquoise&#8221; align=&#8221;center&#8221; i_icon_fontawesome=&#8221;&#8221; css=&#8221;&#8221; add_icon=&#8221;true&#8221; link=&#8221;url:https%3A%2F%2Foyc.lat%2Fwp-content%2Fuploads%2F2020%2F04%2Finfogr.pdf|title:Infograf%C3%ADa&#8221;][vc_single_image image=&#8221;2556&#8243; img_size=&#8221;2000&#215;600&#8243;][vc_single_image image=&#8221;2448&#8243; img_size=&#8221;full&#8221;][vc_video link=&#8221;https:\/\/youtu.be\/Ga3Nb5t10DI&#8221; align=&#8221;center&#8221; title=&#8221;Conoce lo m\u00e1s nuevo dando play al video&#8221;][vc_single_image image=&#8221;2448&#8243; img_size=&#8221;full&#8221;][\/vc_column][vc_column][\/vc_column][\/vc_row][vc_row][vc_column][vc_column_text]<\/p>\n<p style=\"text-align: center;\"><span style=\"font-size: 36pt; color: #0f77a3; font-family: 'arial black', sans-serif;\">Bandas sin Fin para carga pesada<\/span><\/p>\n<p>[\/vc_column_text][\/vc_column][\/vc_row][vc_row][vc_column width=&#8221;1\/2&#8243;][vc_images_carousel images=&#8221;2454,2361,2477&#8243; img_size=&#8221;540&#215;420&#8243; speed=&#8221;1200&#8243;][\/vc_column][vc_column width=&#8221;1\/2&#8243;][vc_column_text]<span style=\"font-size: 12pt;\">Las bandas sin fin de la marca Mineralmex son ideales para la industria Cementera y minera pues est\u00e1n elaboradas con una membrana de textil de poli\u00e9ster la cual puede tener una cubierta de, Poliuretano,\u00a0CAA, CAT, HN, HSR\u00a0\u00a0teniendo uniones de 3 seguros tales como\u00a0 pegado, cosido\u00a0y vulcanizado siendo ideales para las industrias Cementera y Minera, adem\u00e1s de contar con varios tipos de acabado, para garantizar su confiabilidad bajo cualquier prueba y condici\u00f3n, de igual modo estas bandas pueden adicionarse con empujadores y holanes siendo el producto ideal para lo que buscas, \u00bftienes dudas o quieres saber m\u00e1s?, llamanos y compruebalo.<\/span><\/p>\n<p>&nbsp;<\/p>\n<p><span style=\"font-size: 12pt;\">Las Bandas Mineralmex son bandas con procesos especializados y de la m\u00e1s alta calidad innovando en el sector industrial con procesos m\u00e1s avanzados. Poni\u00e9ndolas en las pruebas m\u00e1s arduas y llev\u00e1ndolas\u00a0al l\u00edmite\u00a0lo que nos lleva a su mejora constante. Tenemos un amplio cat\u00e1logo de acabados, terminados, funciones y especialidades.<\/span><\/p>\n<p><span style=\"font-size: 12pt;\">Ponte en contacto con nuestro equipo de ventas para encontrar el mejor producto\u00a0que se ajuste a tus necesidades<\/span><\/p>\n<p>[\/vc_column_text][\/vc_column][\/vc_row][vc_row][vc_column width=&#8221;1\/2&#8243;][vc_column_text]<span style=\"font-size: 12pt;\">Somos los expertos en\u00a0<strong>Bandas sin fin\u00a0<\/strong>50 a\u00f1os de experiencia nos\u00a0avalan como uno de los\u00a0mejores proveedores en el sector industrial con la\u00a0\u00a0elaboraci\u00f3n de las bandas transportadoras con calidad\u00a0exclusiva de Ovillos y Conos. Donde nuestra garant\u00eda\u00a0es la calidad y la durabilidad, haciendo que el tiempo de vida\u00a0\u00a0\u00fatil de nuestras bandas sea dos veces m\u00e1s que la disponible en el mercado.\u00a0<\/span><\/p>\n<p><span style=\"font-size: 12pt;\">Somos el equilibrio perfecto de calidad y costo.\u00a0<\/span><\/p>\n<p><span style=\"font-size: 12pt;\">-M\u00e1s\u00a0resistentes<\/span><br \/>\n<span style=\"font-size: 12pt;\">-M\u00e1s durables<\/span><br \/>\n<span style=\"font-size: 12pt;\">-M\u00e1s confiables<\/span><br \/>\n<span style=\"font-size: 12pt;\">-M\u00e1s\u00a0fuertes<\/span><\/p>\n<p><span style=\"font-size: 12pt;\">-M\u00e1s Mineralmex<\/span>[\/vc_column_text][\/vc_column][vc_column width=&#8221;1\/2&#8243;][vc_single_image image=&#8221;2461&#8243; img_size=&#8221;400&#215;400&#8243;][\/vc_column][\/vc_row][vc_row][vc_column][vc_column_text]<span style=\"font-size: 14pt; color: #175fad;\"><strong>Este producto est\u00e1\u00a0 garantizado pues su triple uni\u00f3n y la materia prima proveniente de una calidad premium nos sustentan, dando as\u00ed la certeza de que nuestras bandas resisten mayor n\u00famero de ciclos que la competencia.<\/strong><\/span>[\/vc_column_text][vc_single_image image=&#8221;2104&#8243; img_size=&#8221;full&#8221;][vc_column_text]<span style=\"color: #3366ff; font-size: 12pt;\"><strong>Juntas de expansi\u00f3n TF-NOM-HSR<\/strong><\/span><\/p>\n<p><span style=\"font-size: 12pt;\">Nuestra junta de expansi\u00f3n MINERALMEX, es un ensamble \u201cflexible\u201d que incorporan un elemento textil\/hule con capacidad de absorber movimiento y vibraci\u00f3n producido por condiciones f\u00edsicas o mec\u00e1nicas en ductos y tuber\u00edas.<\/span><\/p>\n<p><span style=\"font-size: 12pt;\"><strong><span style=\"color: #3366ff;\">Capacidad de dise\u00f1o, ingenier\u00eda y manufactura que garantizan su fabricaci\u00f3n.<\/span><\/strong><\/span>[\/vc_column_text][vc_single_image image=&#8221;2102&#8243; img_size=&#8221;full&#8221;][\/vc_column][\/vc_row][vc_row][vc_column][vc_single_image image=&#8221;2108&#8243; img_size=&#8221;full&#8221;][\/vc_column][\/vc_row][vc_row][vc_column][vc_column_text]<span style=\"font-size: 12pt;\">Las juntas de expansi\u00f3n MINERALMEX, son estructuras que tiene una gran capacidad de adaptarse a diferentes formas y confecciones. Su funci\u00f3n es absorber las expansiones y contracciones de ductos met\u00e1licos sometidos a fuertes diferencias de temperatura. Contamos con 2 presentaciones: 1 capa (2 mm), 2 capas (4 mm).<\/span><\/p>\n<p><span style=\"font-size: 12pt;\">Disminuyen los esfuerzos causados por las expansiones y compresiones que suceden en distintos tipos de tuber\u00edas, reduciendo satisfactoriamente las vibraciones y ruido. El peligro del \u201cpandeo\u201d en las tuber\u00edas que es originado por la contracciones y expansiones en disminuido por el aislamiento de vibraciones que estos conectores suministran. Con una amplia experiencia en Industria de Miner\u00eda y Cementos podemos afirmar que son ideales para ductos de gases a la intemperie como despu\u00e9s de VTI, ductos de intercambio aire-aire, descargas de transportador de Clinker, para ductos de molinos de carb\u00f3n, harina y ceniceros.<\/span>[\/vc_column_text][\/vc_column][\/vc_row][vc_row][vc_column][vc_single_image image=&#8221;2111&#8243; img_size=&#8221;full&#8221;][vc_column_text]<span style=\"font-size: 12pt;\">La aplicaci\u00f3n de estos elementos en el mercado es muy amplia, aunque puede afirmarse que tienden a concentrarse mayoritariamente en la Industria Cementera y todas aquellas instalaciones industriales que en sus procesos presenten grandes diferencias de temperatura y, que empleen ductos intercambiadores de aire y gases.<\/span><\/p>\n<p><span style=\"font-size: 12pt;\">Nuestras juntas de expansi\u00f3n fabricadas con recubrimientos de HSR MINERALMEX representan hoy d\u00eda la respuesta m\u00e1s econ\u00f3mica y eficiente a raz\u00f3n costo-beneficio para enfrentar movimientos y variaciones en la extensi\u00f3n de los ductos de intercambio, dadas la alta resistencia y durabilidad a toda condici\u00f3n corrosiva y a su propiedad de flexibilidad y fuerza tensil debido a refuerzos que empleamos con tejidos en meta-aramida pueden sustituir con toda seguridad a la juntas armadas con mallas de acero y por su condici\u00f3n impermeable garantizan una mejor operaci\u00f3n ya sea con presi\u00f3n positiva o negativa.<\/span><\/p>\n<p><span style=\"font-size: 12pt;\">Presentaci\u00f3n en rollo de\u00a0<strong>50, 100 y 150 cm<\/strong>\u00a0de ancho, la construcci\u00f3n de nuestras juntas MINERALMEX le permiten al instalador recortar a la medida sin tener deshilado a lo largo o ancho y lograr acoplamientos flexibles.<\/span><\/p>\n<p><span style=\"font-size: 12pt;\">Confecciones especiales bajo la solicitud del cliente.<\/span><\/p>\n<p><span style=\"font-size: 12pt;\">Conozca el Men\u00fa, Productos, Direcci\u00f3n y Tel\u00e9fono de Ovillos y Conos.<\/span>[\/vc_column_text][\/vc_column][\/vc_row][vc_row][vc_column][vc_single_image image=&#8221;2065&#8243; img_size=&#8221;full&#8221;][\/vc_column][\/vc_row][vc_row][vc_column][vc_column_text]<span style=\"font-size: 12pt;\"><strong><span style=\"color: #ff6600;\">Lonas para aerodeslizadores\u00a0<\/span><\/strong><\/span><\/p>\n<p><span style=\"font-size: 12pt;\">Fabricantes de tejidos para transporte neum\u00e1tico en diferentes campos de aplicaci\u00f3n con experiencia de m\u00e1s de 35 a\u00f1os.<\/span><\/p>\n<p><span style=\"font-size: 12pt;\"><strong><span style=\"color: #ff6600;\">La relaci\u00f3n calidad \/ beneficio es nuestra caracter\u00edstica inigualable.<\/span><\/strong><\/span>[\/vc_column_text][\/vc_column][\/vc_row][vc_row][vc_column][vc_single_image image=&#8221;2066&#8243; img_size=&#8221;full&#8221;][\/vc_column][\/vc_row][vc_row][vc_column][vc_column_text]<span style=\"font-size: 12pt;\">Las Lonas para aerodeslizadores son utilizadas com\u00fanmente en transportaci\u00f3n a granel mediante aerodeslizadores donde la permeabilidad de 3 a 3.5 CFM es un factor muy importante para su correcto funcionamiento.<\/span><\/p>\n<p><span style=\"font-size: 12pt;\">M\u00e1s de 35 a\u00f1os de experiencia respaldan nuestros productos en su industria, as\u00ed como el constante control de especificaciones t\u00e9cnicas tanto en el proceso de manufactura como en producto terminado mediante pruebas de laboratorio.<\/span><\/p>\n<p><span style=\"font-size: 12pt;\">La presentaci\u00f3n de Lonas para erodeslizadores CORTAMEX 4 capas podr\u00e1 ser en espesores de 3.5 mm, 4.5 mm, 6.5 mm, 7.5 mm y 9 mm, con la capacidad de dise\u00f1ar tejidos de acuerdo a la necesidad de cada cliente.<\/span>[\/vc_column_text][\/vc_column][\/vc_row][vc_row][vc_column][vc_single_image image=&#8221;2067&#8243; img_size=&#8221;full&#8221;][\/vc_column][\/vc_row][vc_row][vc_column][vc_column_text]<span style=\"font-size: 12pt;\">Su gran capacidad para realizar trabajo mec\u00e1nico la convierte en una excelente opci\u00f3n para SILOS, TANQUES, SISTEMAS DE TRANSPORTE, VENTILACION, AIREACION Y GONDOLAS DE TRANSPORTE. En industrias como: Qu\u00edmica, Cemento, Aluminio, Alimentos.<\/span><\/p>\n<p><span style=\"font-size: 12pt;\">Soportando temperaturas de trabajo de -10\u00b0c y de +300\u00b0c<\/span>[\/vc_column_text][\/vc_column][\/vc_row][vc_row][vc_column][vc_single_image image=&#8221;2054&#8243; img_size=&#8221;full&#8221;][\/vc_column][\/vc_row][vc_row][vc_column][vc_column_text]<span style=\"font-size: 12pt;\"><strong><span style=\"color: #3366ff;\">Mangas de descarga a granel\u00a0<\/span><\/strong><\/span><\/p>\n<p><span style=\"font-size: 12pt;\">Somos un referente en fabricaci\u00f3n y venta de mangas telesc\u00f3picas. Nuestras mangas de carga\/descarga de productos a granel se adaptan a un gran n\u00famero de tareas con gran versatilidad los cuales permiten trabajar en condiciones seguras y libres de emisiones.<\/span><\/p>\n<p><span style=\"font-size: 12pt;\"><strong><span style=\"color: #3366ff;\">Somos especialistas en dise\u00f1o y costura para textiles industriales.<\/span><\/strong><\/span>[\/vc_column_text][\/vc_column][\/vc_row][vc_row][vc_column][vc_single_image image=&#8221;2448&#8243; img_size=&#8221;full&#8221;][\/vc_column][\/vc_row][vc_row][vc_column][vc_single_image image=&#8221;2563&#8243; img_size=&#8221;full&#8221;][vc_column_text]<span style=\"font-size: 12pt;\">Desarrolladas con mas de 15 a\u00f1os de experiencia en el ramo y construidas con textiles seleccionados para resistir \u00a0a la abrasi\u00f3n y el desgaste mec\u00e1nico. Tambi\u00e9n contamos con tejidos resistentes a alta temperatura y grado sanitario.<\/span><\/p>\n<p><span style=\"font-size: 12pt;\">Nuestras mangas telesc\u00f3picas y otros desarrollos, son fruto del eficaz trabajo de nuestro departamento de investigaci\u00f3n, ninguna empresa de nuestro rubro est\u00e1 tan orientada a satisfacer de manera plena las necesidades y especificaciones de nuestros clientes.<\/span>[\/vc_column_text][vc_separator color=&#8221;green&#8221; border_width=&#8221;6&#8243;][\/vc_column][\/vc_row][vc_row][vc_column width=&#8221;1\/2&#8243;][vc_column_text]<\/p>\n<p style=\"text-align: center;\"><span style=\"font-size: 18pt;\"><strong><span style=\"color: #339966;\">MANGAS Y FILTROS\u00a0OVYCOSA<\/span><\/strong><\/span><\/p>\n<ul>\n<li><span style=\"font-size: 12pt;\">Mangas para filtraci\u00f3n y\/o recolecci\u00f3n de polvos en telas de algod\u00f3n y sint\u00e9ticas<\/span><\/li>\n<li><span style=\"font-size: 12pt;\">Confeccionados a la medida, con costuras reforzadas<\/span><\/li>\n<li><span style=\"font-size: 12pt;\">De grado sanitario<\/span><\/li>\n<\/ul>\n<p>&nbsp;<\/p>\n<p><span style=\"font-size: 12pt;\">Para usos tales como\u00a0cernedores, mangas de descarga, filtraci\u00f3n de az\u00facares y harina, b\u00e1sculas, colectores y mangueras.<\/span>[\/vc_column_text][\/vc_column][vc_column width=&#8221;1\/2&#8243;][vc_images_carousel images=&#8221;2567,2571,2572&#8243; img_size=&#8221;500&#215;500&#8243; speed=&#8221;900&#8243; autoplay=&#8221;yes&#8221; wrap=&#8221;yes&#8221;][\/vc_column][\/vc_row][vc_row][vc_column][vc_column_text]<span style=\"font-size: 12pt;\">M\u00e1s de 50 a\u00f1os de experiencia en el mercado, con cientos de clientes satisfechos son nuestra credenciales carta de presentaci\u00f3n, somos un servicio de clase mundial. Nuestras l\u00edneas de producto son de las m\u00e1s alta calidad con filtro para colectores de polvo en cualquier medida y configuraci\u00f3n; lonas para filtro, con estas ayudan a empresas de diferentes industrias a mejorar su productividad y minimizar riesgos de contaminaci\u00f3n as\u00ed como las p\u00e9rdidas de producto por las entradas o salidas de aire.<\/span>[\/vc_column_text][\/vc_column][\/vc_row][vc_row][vc_column][vc_single_image image=&#8221;2263&#8243; img_size=&#8221;full&#8221;][\/vc_column][\/vc_row][vc_row][vc_column][vc_column_text css=&#8221;&#8221;]<span style=\"font-size: 18pt;\"><a href=\"https:\/\/oyc.lat\/wp-content\/uploads\/2019\/10\/Catalogo-de-sellos-fibra-natural.pdf\"><strong>SELLOS DE FIBRA NATURAL<\/strong><\/a><\/span><\/p>\n<p><span style=\"font-size: 12pt;\">Sellos de fibra natural agujado con la funci\u00f3n de minimizar u erradicar la fuga de producto a granel as\u00ed como evitar la entrada y salida de aire, puedes consultar medidas, especificaciones o el uso, descargando el cat\u00e1logo digital.<\/span>[\/vc_column_text][vc_btn title=&#8221;Descargar Cat\u00e1logo&#8221; color=&#8221;green&#8221; align=&#8221;center&#8221; css=&#8221;&#8221; link=&#8221;url:https%3A%2F%2Foyc.lat%2Fwp-content%2Fuploads%2F2019%2F10%2FCatalogo-de-sellos-fibra-natural.pdf.zip|target:_blank&#8221;][\/vc_column][\/vc_row][vc_row][vc_column][vc_single_image image=&#8221;2142&#8243; img_size=&#8221;full&#8221;][vc_column_text]<\/p>\n<p style=\"text-align: center;\"><span style=\"font-size: 18pt; color: #257aa8;\"><strong>Otros productos<\/strong><\/span><\/p>\n<p>[\/vc_column_text][\/vc_column][\/vc_row][vc_row][vc_column width=&#8221;1\/2&#8243;][vc_column_text]<span style=\"font-size: 18pt; color: #257aa8;\"><strong>Ventosas de Hule<\/strong><\/span><\/p>\n<p>&nbsp;<\/p>\n<p><span style=\"font-size: 12pt;\"><strong>Las ventosas de vac\u00edo<\/strong>\u00a0(tambien conocidas como:\u00a0cups,\u00a0copas, acordeon,etc) son la mejor\u00a0manera de reemplazar\u00a0\u00a0la\u00a0<strong>manipulaci\u00f3n<\/strong>\u00a0manual, es decir sustituyen las manos del hombre\u00a0en la\u00a0<strong>manipulaci\u00f3n<\/strong>\u00a0de los m\u00e1s diversos\u00a0\u00a0tipos de objetos como lo es p<em>l\u00e1stico, vidrio,\u00a0<\/em><em>cart\u00f3n,\u00a0<\/em><em>papel.\u00a0<\/em>\u00a0Siendo as\u00ed una de las herramientas m\u00e1s \u00fatiles en la industria.<\/span>[\/vc_column_text][\/vc_column][vc_column width=&#8221;1\/2&#8243;][vc_single_image image=&#8221;2530&#8243; img_size=&#8221;250&#215;300&#8243; alignment=&#8221;center&#8221;][\/vc_column][\/vc_row][vc_row][vc_column width=&#8221;1\/2&#8243;][vc_single_image image=&#8221;2532&#8243; img_size=&#8221;250&#215;300&#8243; alignment=&#8221;center&#8221;][\/vc_column][vc_column width=&#8221;1\/2&#8243;][vc_column_text]<span style=\"font-size: 18pt; color: #257aa8;\"><strong>Sellos para V\u00e1lvula<\/strong><\/span><\/p>\n<p>&nbsp;<\/p>\n<p><span style=\"font-size: 12pt;\">Nuestros Empaques son empleados principalmente para sellar diferentes equipos que transportan una variedad de\u00a0cargas\u00a0o simplemente se pueden emplear como Juntas que ayudan a evitar que el polvo se introduzca en el Equipo Industrial. Pero la Amortiguaci\u00f3n representa un problema en la Industria que con un excelente Hule con la f\u00f3rmula adecuada resuelve satisfactoriamente.<\/span><\/p>\n<p><span style=\"font-size: 12pt;\">Nuestro compromiso es cumplir con las especificaciones de nuestros clientes y satisfacer sus necesidades, nuestra experiencia y apoyo tecnol\u00f3gico de nuestros Proveedores nos respaldan desarrollando f\u00f3rmulas de Hule espec\u00edficas que tienen un principal objetivo Resolver problemas t\u00e9cnicos y Abastecer productos con valor agregado a todos nuestros Clientes.<\/span>[\/vc_column_text][\/vc_column][\/vc_row]<\/p>\n<\/div>","protected":false},"excerpt":{"rendered":"<p>[vc_row][vc_column][vc_column_text] Especialistas en la industria Cementera, desarrollamos soluciones en alta resistencia y larga duraci\u00f3n. [\/vc_column_text][vc_column_text]Durante m\u00e1s de 5 d\u00e9cadas Ovillos y Conos ha trabajado d\u00eda a d\u00eda en la mejora [&hellip;]<\/p>\n","protected":false},"author":2,"featured_media":0,"parent":0,"menu_order":0,"comment_status":"closed","ping_status":"closed","template":"","meta":{"footnotes":""},"aioseo_notices":[],"_links":{"self":[{"href":"https:\/\/oyc.lat\/en\/wp-json\/wp\/v2\/pages\/2346"}],"collection":[{"href":"https:\/\/oyc.lat\/en\/wp-json\/wp\/v2\/pages"}],"about":[{"href":"https:\/\/oyc.lat\/en\/wp-json\/wp\/v2\/types\/page"}],"author":[{"embeddable":true,"href":"https:\/\/oyc.lat\/en\/wp-json\/wp\/v2\/users\/2"}],"replies":[{"embeddable":true,"href":"https:\/\/oyc.lat\/en\/wp-json\/wp\/v2\/comments?post=2346"}],"version-history":[{"count":35,"href":"https:\/\/oyc.lat\/en\/wp-json\/wp\/v2\/pages\/2346\/revisions"}],"predecessor-version":[{"id":2802,"href":"https:\/\/oyc.lat\/en\/wp-json\/wp\/v2\/pages\/2346\/revisions\/2802"}],"wp:attachment":[{"href":"https:\/\/oyc.lat\/en\/wp-json\/wp\/v2\/media?parent=2346"}],"curies":[{"name":"wp","href":"https:\/\/api.w.org\/{rel}","templated":true}]}}