
{"id":2416,"date":"2019-10-21T16:15:53","date_gmt":"2019-10-21T16:15:53","guid":{"rendered":"https:\/\/ovillosyconos.com\/?page_id=2416"},"modified":"2024-11-01T12:58:49","modified_gmt":"2024-11-01T18:58:49","slug":"galletera","status":"publish","type":"page","link":"https:\/\/oyc.lat\/en\/galletera\/","title":{"rendered":"GALLETERA"},"content":{"rendered":"<div class=\"wpb-content-wrapper\"><p>[vc_row][vc_column][vc_column_text]<\/p>\n<p style=\"text-align: center;\"><span style=\"font-size: 24pt; color: #ff9900;\"><strong>Especialistas en la industria Galletera, desarrollamos soluciones en alta resistencia y larga duraci\u00f3n.<\/strong><\/span><\/p>\n<p><span style=\"font-size: 12pt;\">Ovillos y conos se renueva constantemente para brindarte el mejor servicio junto con los productos m\u00e1s especializados en el sector de la industria galletera, nos preocupamos por la calidad as\u00ed como por la salubridad de nuestros productos de grado alimenticio con los m\u00e1s altos est\u00e1ndares, siendo as\u00ed la marca m\u00e1s confiable entre los proveedores de las principales marcas de Galleteras en el mundo y la preferida durante m\u00e1s de 50 a\u00f1os.<\/span>[\/vc_column_text][vc_btn title=&#8221;Click para ver la Infograf\u00eda&#8221; color=&#8221;warning&#8221; align=&#8221;center&#8221; i_icon_fontawesome=&#8221;&#8221; css=&#8221;&#8221; add_icon=&#8221;true&#8221; link=&#8221;url:https%3A%2F%2Foyc.lat%2Fen%2Fwp-content%2Fuploads%2F2020%2F04%2Finfogr.pdf&#8221;][\/vc_column][\/vc_row][vc_row][vc_column][vc_single_image image=&#8221;1798&#8243; img_size=&#8221;2000&#215;280&#8243;][\/vc_column][\/vc_row][vc_row][vc_column width=&#8221;1\/2&#8243;][vc_images_carousel images=&#8221;2538,2539&#8243; img_size=&#8221;400&#215;415&#8243; speed=&#8221;1300&#8243; autoplay=&#8221;yes&#8221; wrap=&#8221;yes&#8221;][\/vc_column][vc_column width=&#8221;1\/2&#8243;][vc_column_text]<\/p>\n<p style=\"text-align: center;\"><span style=\"color: #ff9900; font-size: 18pt;\">Banda Alimentex\u00a0<\/span><\/p>\n<p><span style=\"font-size: 12pt;\">La banda Alimentex de grado alimenticio es una de nuestras innovaciones m\u00e1s usadas alrededor del mundo\u00a0<\/span><span style=\"font-size: 12pt;\">siendo as\u00ed una herramienta clave en\u00a0 el procesamiento de productos alimenticios la cual se encuentra constantemente\u00a0<\/span><span style=\"font-size: 12pt;\">bajo presi\u00f3n para procesar productos m\u00e1s seguros. La mayor\u00eda de las regulaciones mantienen una posici\u00f3n firme ante\u00a0<\/span><span style=\"font-size: 12pt;\">cada uno de los aspectos del proceso de estos productos ya que deben ser considerados teniendo en mente la seguridad ante todo\u00a0<\/span><span style=\"font-size: 12pt;\">al mismo tiempo que se procura la calidad y durabilidad de la marca en los procesos m\u00e1s exigentes.<\/span>[\/vc_column_text][\/vc_column][\/vc_row][vc_row][vc_column width=&#8221;1\/2&#8243;][vc_column_text]<span style=\"font-size: 18pt;\"><strong>Bandas transportadoras Cortamex<\/strong><\/span><\/p>\n<p>&nbsp;<\/p>\n<p><span style=\"font-size: 12pt;\">Utilizado por m\u00e1s de 25 a\u00f1os en la industria Mexicana elaborada seg\u00fan tus necesidades, pues al ser elaboradas especialmente para\u00a0transportaci\u00f3n en las industrias alimenticias tales como Chocolateras, Dulceras, \u00c1rea de empaque, Conservas y Transporte ligero en general\u00a0los usos para las bandas son muy variados tales para bandas rotativas, salidas de hornos, transporte de masa, transporte de corrugados, adem\u00e1s\u00a0del \u00e1rea de enfriamiento, industria galletera entre otros.<\/span>[\/vc_column_text][\/vc_column][vc_column width=&#8221;1\/2&#8243;][vc_single_image image=&#8221;2608&#8243; img_size=&#8221;600&#215;400&#8243;][\/vc_column][\/vc_row][vc_row][vc_column width=&#8221;1\/3&#8243;][vc_single_image image=&#8221;2544&#8243; img_size=&#8221;600&#215;700&#8243;][\/vc_column][vc_column width=&#8221;1\/3&#8243;][vc_column_text]<span style=\"font-size: 14pt;\"><strong>Cualidades:<\/strong><\/span><\/p>\n<ul>\n<li><span style=\"font-size: 12pt;\">Antiderrapante<\/span><\/li>\n<li><span style=\"font-size: 12pt;\">Sanitaria<\/span><\/li>\n<li><span style=\"font-size: 12pt;\">Resistente a abrasi\u00f3n<\/span><\/li>\n<li><span style=\"font-size: 12pt;\">Resistente a aceites vegetales<\/span><\/li>\n<li><span style=\"font-size: 12pt;\">No se delamina<\/span><\/li>\n<li><span style=\"font-size: 12pt;\">Alto tiempo de vida<\/span><\/li>\n<\/ul>\n<p>[\/vc_column_text][\/vc_column][vc_column width=&#8221;1\/3&#8243;][vc_column_text]<span style=\"font-size: 14pt;\"><strong>Cubiertas<\/strong><\/span><\/p>\n<ul>\n<li><span style=\"font-size: 12pt;\">Poliuretano<\/span><\/li>\n<li><span style=\"font-size: 12pt;\">Hule Nitrilo<\/span><\/li>\n<li><span style=\"font-size: 12pt;\">PVC<\/span><\/li>\n<\/ul>\n<p>[\/vc_column_text][\/vc_column][\/vc_row][vc_row][vc_column][vc_gallery interval=&#8221;3&#8243; images=&#8221;1945&#8243; img_size=&#8221;full&#8221;][\/vc_column][\/vc_row][vc_row][vc_column][vc_column_text]<span style=\"font-size: 12pt;\">Banda de algod\u00f3n altamente recomendable para ser utilizadas en maquinas cortadoras y rotativas.<\/span><\/p>\n<p><span style=\"font-size: 12pt;\">Han sido utilizadas ampliamente en la industria de la Galleteria Fina durante mucho tiempo para la producci\u00f3n y transportaci\u00f3n ligera. Es una banda confiable para el buen funcionamiento y desprendimiento de masa gracias a su construcci\u00f3n de una 1 capa de 1 mm de espesor.<\/span><\/p>\n<p><span style=\"font-size: 12pt;\">Disponible desde 32.5\u201c de ancho hasta 54\u201c<\/span>[\/vc_column_text][\/vc_column][\/vc_row][vc_row][vc_column][vc_single_image image=&#8221;1947&#8243; img_size=&#8221;full&#8221;][\/vc_column][\/vc_row][vc_row][vc_column][vc_column_text]<span style=\"font-size: 12pt;\">Se utilizan en la industria de Galleter\u00eda para recorte y transportaci\u00f3n de masa en las maquinas laminadoras de troquel y rotativas. Son absorbentes a la humedad y 100% compatibles con el contacto con alimentos.<\/span><\/p>\n<p><span style=\"font-size: 12pt;\">Tambi\u00e9n pueden ser usadas en el proceso de enfriamiento y a la salida de hornos ya que resisten alta temperatura y se recomiendan para trabajar hasta 120\u00ba C.<\/span><\/p>\n<p><span style=\"font-size: 12pt;\">Las diferentes presentaciones pueden ser de 2 capas tradicional (2.5 mm) y nuestro nuevo desarrollo de 2 mm para aplicaciones que requieran mayor flexibilidad o que tengan contacto con aceite y grasa.<\/span><\/p>\n<p><span style=\"font-size: 12pt;\">Las bandas CORTAMEX 2 capas podr\u00e1n trabajar en retornos tipo nariz con nuestros empalmes reforzados.<\/span><\/p>\n<p><span style=\"font-size: 12pt;\">Disponible desde 2\u201d de ancho hasta 63\u201d<\/span>[\/vc_column_text][\/vc_column][\/vc_row]<\/p>\n<\/div>","protected":false},"excerpt":{"rendered":"<p>[vc_row][vc_column][vc_column_text] Especialistas en la industria Galletera, desarrollamos soluciones en alta resistencia y larga duraci\u00f3n. Ovillos y conos se renueva constantemente para brindarte el mejor servicio junto con los productos m\u00e1s [&hellip;]<\/p>\n","protected":false},"author":2,"featured_media":0,"parent":0,"menu_order":0,"comment_status":"closed","ping_status":"closed","template":"","meta":{"footnotes":""},"aioseo_notices":[],"_links":{"self":[{"href":"https:\/\/oyc.lat\/en\/wp-json\/wp\/v2\/pages\/2416"}],"collection":[{"href":"https:\/\/oyc.lat\/en\/wp-json\/wp\/v2\/pages"}],"about":[{"href":"https:\/\/oyc.lat\/en\/wp-json\/wp\/v2\/types\/page"}],"author":[{"embeddable":true,"href":"https:\/\/oyc.lat\/en\/wp-json\/wp\/v2\/users\/2"}],"replies":[{"embeddable":true,"href":"https:\/\/oyc.lat\/en\/wp-json\/wp\/v2\/comments?post=2416"}],"version-history":[{"count":23,"href":"https:\/\/oyc.lat\/en\/wp-json\/wp\/v2\/pages\/2416\/revisions"}],"predecessor-version":[{"id":2805,"href":"https:\/\/oyc.lat\/en\/wp-json\/wp\/v2\/pages\/2416\/revisions\/2805"}],"wp:attachment":[{"href":"https:\/\/oyc.lat\/en\/wp-json\/wp\/v2\/media?parent=2416"}],"curies":[{"name":"wp","href":"https:\/\/api.w.org\/{rel}","templated":true}]}}