
{"id":2419,"date":"2019-10-21T16:23:28","date_gmt":"2019-10-21T16:23:28","guid":{"rendered":"https:\/\/ovillosyconos.com\/?page_id=2419"},"modified":"2024-11-01T12:59:29","modified_gmt":"2024-11-01T18:59:29","slug":"harinera","status":"publish","type":"page","link":"https:\/\/oyc.lat\/en\/harinera\/","title":{"rendered":"HARINERA"},"content":{"rendered":"<div class=\"wpb-content-wrapper\"><p>[vc_row][vc_column][vc_column_text]<\/p>\n<p style=\"text-align: center;\"><span style=\"font-size: 24pt; color: #e6d522;\"><strong>Especialistas en la industria Harinera, desarrollamos soluciones en alta resistencia y larga duraci\u00f3n.<\/strong><\/span><\/p>\n<p><span style=\"font-size: 12pt;\">En la industria harinera, el factor de la salubridad es vital y eso nosotros lo entendemos por ello nuestros productos con cubiertas especializadas ser\u00e1n tu mejor aliado en la trata de tu producto pues nuestros articulos son de grado sanitario.<\/span><\/p>\n<p>[\/vc_column_text][vc_btn title=&#8221;Click para ver la Infograf\u00eda&#8221; color=&#8221;warning&#8221; align=&#8221;center&#8221; i_icon_fontawesome=&#8221;&#8221; css=&#8221;&#8221; add_icon=&#8221;true&#8221; link=&#8221;url:https%3A%2F%2Foyc.lat%2Fen%2Fwp-content%2Fuploads%2F2020%2F04%2Finfogr.pdf&#8221;][vc_single_image image=&#8221;2581&#8243; img_size=&#8221;1200&#215;350&#8243;][\/vc_column][\/vc_row][vc_row][vc_column][vc_single_image image=&#8221;2494&#8243; img_size=&#8221;full&#8221;][\/vc_column][\/vc_row][vc_row][vc_column][vc_separator color=&#8221;sky&#8221; border_width=&#8221;4&#8243;][\/vc_column][\/vc_row][vc_row][vc_column width=&#8221;1\/2&#8243;][vc_single_image image=&#8221;2508&#8243; img_size=&#8221;300&#215;490&#8243; alignment=&#8221;center&#8221;][\/vc_column][vc_column width=&#8221;1\/2&#8243;][vc_column_text]<\/p>\n<p style=\"text-align: center;\"><span style=\"font-size: 24pt; font-family: 'arial black', sans-serif; color: #3366ff;\">Bandas para Elevador de Cangilones\u00a0<\/span><\/p>\n<p><span style=\"font-size: 14pt;\">El elevador de cangilones es un mecanismo que se emplea para el acarreo o manejo de materiales\u00a0<\/span><span style=\"font-size: 14pt;\">a granel de forma vertical, como en el caso de granos, semillas, entre otros. Nosotros ponemos\u00a0<\/span><span style=\"font-size: 14pt;\">a tu disposici\u00f3n con la banda Mineralmex\u00a0 especializada en la industria Harinera, fabricada con\u00a0<\/span><span style=\"font-size: 14pt;\">los materiales de la m\u00e1s alta calidad, puesta a prueba con los m\u00e1s rigurosos est\u00e1ndares de calidad\u00a0<\/span><span style=\"font-size: 14pt;\">asegur\u00e1ndonos de su durabilidad, fiabilidad y resistencia. Somos la marca m\u00e1s confiable en el mercado,\u00a0<\/span><span style=\"font-size: 14pt;\">ll\u00e1manos para m\u00e1s informaci\u00f3n pues hablar de <strong>Confiabilidad<\/strong> es hablar de\u00a0<\/span><span style=\"font-size: 14pt;\"><span style=\"color: #3366ff;\">Ovillos y Conos<\/span>.<\/span>[\/vc_column_text][\/vc_column][\/vc_row][vc_row][vc_column][vc_separator color=&#8221;sky&#8221; border_width=&#8221;4&#8243;][vc_single_image image=&#8221;1990&#8243; img_size=&#8221;full&#8221;][\/vc_column][\/vc_row][vc_row][vc_column][vc_column_text]<span style=\"color: #339966; font-size: 14pt;\">Refine la harina grado alimenticio\u00a0<\/span><\/p>\n<p><span style=\"font-size: 12pt;\">Fabricantes de cepillos cernedores 100% ALGOD\u00d3N especialmente dise\u00f1ados para limpieza de tamiz \/ malla.<\/span><\/p>\n<p><span style=\"font-size: 14pt; color: #339966;\">100% Algod\u00f3n de primera calidad<\/span>[\/vc_column_text][\/vc_column][\/vc_row][vc_row][vc_column][vc_single_image image=&#8221;2004&#8243; img_size=&#8221;full&#8221;][\/vc_column][\/vc_row][vc_row][vc_column][vc_column_text]<span style=\"font-size: 12pt;\">En diferentes industrias, en especial en la alimenticia, resulta necesario la separaci\u00f3n de part\u00edculas. Para esta operaci\u00f3n existen mallas dise\u00f1adas para permitir una filtraci\u00f3n y captura de las part\u00edculas requeridas, dicha necesidad por separar las part\u00edculas o sustancias esenciales se puede cubrir por medio de niveles sucesivos, para lo cual es necesario contar con un cepillo cernedor.<\/span><\/p>\n<p><span style=\"font-size: 12pt;\">Los cepillos cernedores adem\u00e1s de refinar y separar part\u00edculas tienen una especial funci\u00f3n en los molinos de harina, ya que funcionan como limpiadores, ofreciendo un producto totalmente higi\u00e9nico y libre de part\u00edculas no deseadas.<\/span><\/p>\n<p><span style=\"font-size: 12pt;\">Dentro de la extensa gama de productos con los que contamos, se encuentra la l\u00ednea de cepillos cernedores para molinos harineros. Estos productos pueden ser integrados en todo tipo de molinos de harina, tanto de trigo, como de ma\u00edz, arroz u otros.<\/span><\/p>\n<p><span style=\"font-size: 12pt;\">A diferencia de otros, los cepillos cernedores marca OVYCOSA con la carga de trabajo y el tiempo no pierden sus caracter\u00edsticas de flexibilidad, firmeza y capacidad de limpieza, contribuyendo a alargar la vida \u00fatil de sus sistemas de cernido, as\u00ed como evitar la integraci\u00f3n de part\u00edculas ajenas.<\/span>[\/vc_column_text][\/vc_column][\/vc_row][vc_row][vc_column][vc_single_image image=&#8221;2624&#8243; img_size=&#8221;full&#8221;][\/vc_column][\/vc_row][vc_row][vc_column][vc_column_text]<\/p>\n<div class=\"container no-sidebar no-sidebar has-title \">\n<div id=\"content\" class=\"no-sidebar no-sidebar has-title \">\n<div id=\"post-1993\" class=\"page post-1993 type-page status-publish hentry\">\n<article>\n<div class=\"post-content page-content\">\n<div class=\"vc_row wpb_row vc_row-fluid\">\n<div class=\"parallax-wrapper\">\n<div class=\"wpb_column vc_column_container vc_col-sm-12\">\n<div class=\"vc_column-inner \">\n<div class=\"wpb_wrapper\">\n<div class=\"wpb_text_column wpb_content_element \">\n<div class=\"wpb_wrapper\">\n<p><span style=\"font-size: 14pt;\">Entre las principales caracter\u00edsticas de nuestro cepillo cernedor, se encuentra su remache de acero inoxidable el cual proporciona mayor peso y con esto genera una limpieza efectiva del tamiz. Su tejido reforzado permite mayor duraci\u00f3n y menor deshilado.<\/span><\/p>\n<p><span style=\"font-size: 14pt;\">Nuestros cepillos cernedores tienen un espesor de 8 mm ( 54 mm de ancho y 74 mm de largo aprox.) en una presentaci\u00f3n de 100 pzas por caja.<\/span><\/p>\n<p><span style=\"font-size: 14pt;\">Manufacturados con fibras naturales 100% algod\u00f3n, lo que les permite ser su mejor inversi\u00f3n. Existe un producto para cada necesidad, no importando el tipo de entreteladura o el producto a cernir. Contamos con m\u00e1s de 30 a\u00f1os de experiencia en la fabricaci\u00f3n de este producto para los molinos harineros dentro de la industria alimenticia.<\/span><\/p>\n<p><span style=\"font-size: 14pt;\"><strong>Conozca nuestro Men\u00fa, Contacto, Tel\u00e9fono y Direcci\u00f3n de Ovillos y Conos S.A. de C.V.<\/strong><\/span><\/p>\n<p><span style=\"font-size: 14pt;\"><strong>O bien, haga contacto, directo en ovillosyconos.com para mayor informaci\u00f3n sobre sus cepillos cernedores para molinos harineros.<\/strong><\/span><\/div>\n<\/div>\n<\/div>\n<\/div>\n<\/div>\n<\/div>\n<\/div>\n<\/div>\n<\/article>\n<\/div>\n<\/div>\n<div class=\"clear\"><span style=\"font-size: 14pt;\">\u00a0<\/span><\/div>\n<\/div>\n<div id=\"footer-wrapper\"><span style=\"font-size: 14pt;\">\u00a0<\/span><\/div>\n<p>[\/vc_column_text][\/vc_column][\/vc_row][vc_row][vc_column][vc_single_image image=&#8221;2504&#8243; img_size=&#8221;full&#8221;][vc_column_text]<span style=\"font-size: 12pt;\"><img \/>A lo largo de una trayectoria que se remonta a 1968 hemos logrado pasar de ser un taller de costura modesto a una gran empresa, vers\u00e1til y moderna, a la vanguardia en manejo de materiales en polvo y granulares finos.<\/span><\/p>\n<p><span style=\"font-size: 12pt;\">Nuestro sistema de operaci\u00f3n nos permite tener un alto nivel de flexibilidad y fabricar las mangas telesc\u00f3picas de acuerdo a cada una de las especificaciones requeridas por el usuario.<\/span><\/p>\n<p><span style=\"font-size: 12pt;\">Confeccionamos mangas sencillas y dobles en di\u00e1metros desde 10\u201c hasta 60\u201c y largo continuo hasta 4 metros.<\/span>[\/vc_column_text][\/vc_column][\/vc_row][vc_row][vc_column width=&#8221;1\/2&#8243;][vc_images_carousel images=&#8221;2501&#8243; img_size=&#8221;300&#215;340&#8243; speed=&#8221;890&#8243; autoplay=&#8221;yes&#8221; wrap=&#8221;yes&#8221;][\/vc_column][vc_column width=&#8221;1\/2&#8243;][vc_column_text]<span style=\"font-size: 14pt;\"><strong>Mangas de descarga para la industria<span style=\"color: #3366ff;\"> Harinera<\/span><\/strong><\/span><\/p>\n<p><span style=\"font-size: 14pt;\">Mangas especializadas para el vaciado de producto y minimiza\u00a0<\/span><span style=\"font-size: 14pt;\">la p\u00e9rdida de producto y reduce la entrada de aire, sabemos lo que\u00a0<\/span><span style=\"font-size: 14pt;\">implica el cuidado de hasta el m\u00e1s m\u00ednimo detalle, por ello\u00a0<\/span><span style=\"font-size: 14pt;\">nuestros productos llevan un proceso de elaboraci\u00f3n \u00fanico, desde la\u00a0<\/span><span style=\"font-size: 14pt;\">primer costura hasta el \u00faltimo recubrimiento,\u00a0 promoviendo la confianza\u00a0<\/span><span style=\"font-size: 14pt;\">que tienes en nosotros desde hace m\u00e1s de 50 a\u00f1os, Somos\u00a0<\/span><span style=\"font-size: 14pt;\">seguridad, somos calidad, somos Ovillos y Conos.<\/span><\/p>\n<p>&nbsp;<\/p>\n<p>[\/vc_column_text][\/vc_column][\/vc_row][vc_row][vc_column width=&#8221;1\/2&#8243;][vc_column_text]<span style=\"font-size: 14pt;\">dentro de nuestro abanico de productos se halla la manga retr\u00e1ctil\u00a0<\/span><span style=\"font-size: 14pt;\">que aumenta su practicidad y funcionalidad al m\u00e1ximo, volviendola\u00a0<\/span><span style=\"font-size: 14pt;\">un producto de alto rendimiento por su durabilidad a la temperatura, fricci\u00f3n\u00a0<\/span><span style=\"font-size: 14pt;\">y a las extenuantes horas de trabajo continuo. Ll\u00e1manos para m\u00e1s informaci\u00f3n,\u00a0<\/span><span style=\"font-size: 14pt;\">estamos para aclarar tus dudas.<\/span>[\/vc_column_text][\/vc_column][vc_column width=&#8221;1\/2&#8243;][vc_single_image image=&#8221;2503&#8243; img_size=&#8221;330&#215;430&#8243; alignment=&#8221;center&#8221;][\/vc_column][\/vc_row][vc_row][vc_column][vc_single_image image=&#8221;2448&#8243; img_size=&#8221;full&#8221;][\/vc_column][\/vc_row][vc_row][vc_column][vc_custom_heading text=&#8221;Hilos&#8221; font_container=&#8221;tag:h2|font_size:72|text_align:center|color:%231e73be&#8221;][\/vc_column][\/vc_row][vc_row][vc_column][vc_gallery interval=&#8221;3&#8243; images=&#8221;1628,2505,2439&#8243; img_size=&#8221;600&#215;400&#8243;][\/vc_column][\/vc_row][vc_row][vc_column width=&#8221;1\/2&#8243;][vc_column_text]<span style=\"font-size: 14pt;\">Hilos para costura manual y automatizada en presentaci\u00f3n de conos;\u00a0<\/span><span style=\"font-size: 14pt;\">Los textiles fabricados con fibras de algod\u00f3n son productos\u00a0<\/span><span style=\"font-size: 14pt;\">seguros para ser utilizados, durante la Producci\u00f3n,\u00a0<\/span><span style=\"font-size: 14pt;\">manufactura, empaque,\u00a0 transportaci\u00f3n, preparaci\u00f3n,\u00a0<\/span><span style=\"font-size: 14pt;\">procesos o tratamiento con alimentos.\u00a0<\/span><span style=\"font-size: 14pt;\">El Algod\u00f3n es una fibra segura y aceptada por\u00a0<\/span><span style=\"font-size: 14pt;\"><strong>U.S. Food and\u00a0<\/strong><strong>Drug Adminsitration.\u00a0<\/strong><\/span>[\/vc_column_text][\/vc_column][vc_column width=&#8221;1\/2&#8243;][vc_single_image image=&#8221;1699&#8243; img_size=&#8221;540&#215;320&#8243;][\/vc_column][\/vc_row][vc_row][vc_column][vc_column_text]<\/p>\n<p style=\"text-align: center;\"><span style=\"font-size: 18pt;\">Para mayor informaci\u00f3n, llamanos y aclararemos tus dudas. <\/span><\/p>\n<p style=\"text-align: center;\"><span style=\"font-size: 18pt;\">Tenemos al personal m\u00e1s especializado para atenderte.<\/span><\/p>\n<p style=\"text-align: center;\"><span style=\"font-size: 18pt;\">Somos calidad, somos <span style=\"color: #3366ff;\">Ovillos y Conos.<\/span><\/span><\/p>\n<p>[\/vc_column_text][\/vc_column][\/vc_row]<\/p>\n<\/div>","protected":false},"excerpt":{"rendered":"<p>[vc_row][vc_column][vc_column_text] Especialistas en la industria Harinera, desarrollamos soluciones en alta resistencia y larga duraci\u00f3n. En la industria harinera, el factor de la salubridad es vital y eso nosotros lo entendemos [&hellip;]<\/p>\n","protected":false},"author":2,"featured_media":0,"parent":0,"menu_order":0,"comment_status":"closed","ping_status":"closed","template":"","meta":{"footnotes":""},"aioseo_notices":[],"_links":{"self":[{"href":"https:\/\/oyc.lat\/en\/wp-json\/wp\/v2\/pages\/2419"}],"collection":[{"href":"https:\/\/oyc.lat\/en\/wp-json\/wp\/v2\/pages"}],"about":[{"href":"https:\/\/oyc.lat\/en\/wp-json\/wp\/v2\/types\/page"}],"author":[{"embeddable":true,"href":"https:\/\/oyc.lat\/en\/wp-json\/wp\/v2\/users\/2"}],"replies":[{"embeddable":true,"href":"https:\/\/oyc.lat\/en\/wp-json\/wp\/v2\/comments?post=2419"}],"version-history":[{"count":15,"href":"https:\/\/oyc.lat\/en\/wp-json\/wp\/v2\/pages\/2419\/revisions"}],"predecessor-version":[{"id":2831,"href":"https:\/\/oyc.lat\/en\/wp-json\/wp\/v2\/pages\/2419\/revisions\/2831"}],"wp:attachment":[{"href":"https:\/\/oyc.lat\/en\/wp-json\/wp\/v2\/media?parent=2419"}],"curies":[{"name":"wp","href":"https:\/\/api.w.org\/{rel}","templated":true}]}}