
{"id":2424,"date":"2019-10-21T16:34:36","date_gmt":"2019-10-21T16:34:36","guid":{"rendered":"https:\/\/ovillosyconos.com\/?page_id=2424"},"modified":"2024-11-01T13:02:48","modified_gmt":"2024-11-01T19:02:48","slug":"lavandera","status":"publish","type":"page","link":"https:\/\/oyc.lat\/en\/lavandera\/","title":{"rendered":"LAVANDERIA"},"content":{"rendered":"<div class=\"wpb-content-wrapper\"><p>[vc_row][vc_column][vc_column_text]<\/p>\n<p style=\"text-align: center;\"><span style=\"font-size: 24pt; color: #339966;\"><strong>Especialistas en la industria Cementera, desarrollamos soluciones en alta resistencia y larga duraci\u00f3n.<\/strong><\/span><\/p>\n<p style=\"text-align: left;\"><span style=\"font-size: 12pt;\">En el ramo de la industria de lavander\u00eda hemos desarrollado productos de acuerdo a las exigencias del mercado siempre buscando innovar seg\u00fan las exigencias, teniendo en mente que estamos frente a un reto de cambio constante nos vemos en la necesidad de buscar nuevas alternativas para crear productos que est\u00e9n a la altura del desaf\u00edo, pues para Ovillos y conos la palabra\u00a0 BUENO no es suficiente.<\/span><\/p>\n<p>[\/vc_column_text][vc_btn title=&#8221;Click para ver la Infograf\u00eda&#8221; color=&#8221;success&#8221; align=&#8221;center&#8221; i_icon_fontawesome=&#8221;&#8221; css=&#8221;&#8221; add_icon=&#8221;true&#8221; link=&#8221;url:https%3A%2F%2Foyc.lat%2Fen%2Fwp-content%2Fuploads%2F2020%2F04%2Finfogr.pdf|target:_blank&#8221;][vc_single_image image=&#8221;2578&#8243; img_size=&#8221;1300&#215;380&#8243;][\/vc_column][\/vc_row][vc_row][vc_column width=&#8221;1\/2&#8243;][vc_column_text]<span style=\"font-size: 18pt;\"><strong>CINTA DE ALGOD\u00d3N PARA DOBLADORA<\/strong><\/span><\/p>\n<p>&nbsp;<\/p>\n<p>&nbsp;<\/p>\n<p><span style=\"font-size: 12pt;\">OVILLOS Y CONOS siempre se ha caracterizado por productos de extrema calidad y esta no es la excepci\u00f3n, la cinta para dobladora elaborada con 100% algod\u00f3n se posiciona como el producto m\u00e1s \u00fatil para\u00a0 la industria\u00a0en el \u00e1rea de Lavander\u00eda, teniendo un producto que resiste el proceso industrial, no deja residuos, cuenta con la m\u00e1s alta durabilidad en el mercado&#8230; si quieres que tu empresa sea la mejor, trabaja con lo mejor.<\/span><\/p>\n<p><span style=\"font-size: 12pt;\"><strong>Ovillos y conos una empresa de est\u00e1ndar\u00a0 internacional.<\/strong><\/span><\/p>\n<p>&nbsp;<\/p>\n<p>[\/vc_column_text][\/vc_column][vc_column width=&#8221;1\/2&#8243;][vc_single_image image=&#8221;2833&#8243; img_size=&#8221;640X520&#8243; css=&#8221;&#8221;][\/vc_column][\/vc_row][vc_row][vc_column][vc_single_image image=&#8221;2448&#8243; img_size=&#8221;full&#8221;][\/vc_column][\/vc_row][vc_row][vc_column width=&#8221;1\/2&#8243;][vc_single_image image=&#8221;2444&#8243; img_size=&#8221;670&#215;520&#8243; alignment=&#8221;right&#8221;][\/vc_column][vc_column width=&#8221;1\/2&#8243;][vc_column_text]<span style=\"font-size: 18pt;\"><strong>CINTA PARA MANGLE DE POLI\u00c9STER<\/strong><\/span><\/p>\n<p>&nbsp;<\/p>\n<p>&nbsp;<\/p>\n<p><span style=\"font-size: 12pt;\">La cinta es un nuevo producto en la familia\u00a0 del ramo y no deja de sorprendernos, resiste\u00a0 los cambios dr\u00e1sticos de temperatura como lo es el \u00e1rea de planchado ideal para las condiciones m\u00e1s exigentes del proceso, su material es sometido a un proceso de tejido artesanal \u00fanico en el mundo, exclusivo de nuestra empresa dando la garant\u00eda de calidad y satisfacci\u00f3n total. Nos caracterizamos por dar las mejores soluciones a tus necesidades, llamanos y compruebalo.<\/span>[\/vc_column_text][\/vc_column][\/vc_row][vc_row][vc_column][vc_single_image image=&#8221;2448&#8243; img_size=&#8221;full&#8221;][\/vc_column][\/vc_row][vc_row][vc_column width=&#8221;1\/2&#8243;][vc_column_text]<span style=\"font-size: 18pt;\"><strong>HILO PARA AMARRE<\/strong><\/span><\/p>\n<p>&nbsp;<\/p>\n<p>&nbsp;<\/p>\n<p><span style=\"font-size: 12pt;\">Calidad hasta el m\u00e1s m\u00ednimo detalle, el hilo est\u00e1 hecho a partir de un proceso de tejido especializado el cual extiende su resistencia al corte, desbaste y tensi\u00f3n este producto multi uso ha sido puesto a prueba en las condiciones m\u00e1s inh\u00f3spitas y no es de sorprenderse que haya pasado cada prueba, sin lugar a duda, es una garant\u00eda su posici\u00f3n como el hilo por excelencia, lo que necesites, lo tenemos.<\/span>[\/vc_column_text][\/vc_column][vc_column width=&#8221;1\/2&#8243;][vc_single_image image=&#8221;2439&#8243; img_size=&#8221;670&#215;520&#8243;][\/vc_column][\/vc_row]<\/p>\n<\/div>","protected":false},"excerpt":{"rendered":"<p>[vc_row][vc_column][vc_column_text] Especialistas en la industria Cementera, desarrollamos soluciones en alta resistencia y larga duraci\u00f3n. En el ramo de la industria de lavander\u00eda hemos desarrollado productos de acuerdo a las exigencias [&hellip;]<\/p>\n","protected":false},"author":2,"featured_media":0,"parent":0,"menu_order":0,"comment_status":"closed","ping_status":"closed","template":"","meta":{"footnotes":""},"aioseo_notices":[],"_links":{"self":[{"href":"https:\/\/oyc.lat\/en\/wp-json\/wp\/v2\/pages\/2424"}],"collection":[{"href":"https:\/\/oyc.lat\/en\/wp-json\/wp\/v2\/pages"}],"about":[{"href":"https:\/\/oyc.lat\/en\/wp-json\/wp\/v2\/types\/page"}],"author":[{"embeddable":true,"href":"https:\/\/oyc.lat\/en\/wp-json\/wp\/v2\/users\/2"}],"replies":[{"embeddable":true,"href":"https:\/\/oyc.lat\/en\/wp-json\/wp\/v2\/comments?post=2424"}],"version-history":[{"count":15,"href":"https:\/\/oyc.lat\/en\/wp-json\/wp\/v2\/pages\/2424\/revisions"}],"predecessor-version":[{"id":2834,"href":"https:\/\/oyc.lat\/en\/wp-json\/wp\/v2\/pages\/2424\/revisions\/2834"}],"wp:attachment":[{"href":"https:\/\/oyc.lat\/en\/wp-json\/wp\/v2\/media?parent=2424"}],"curies":[{"name":"wp","href":"https:\/\/api.w.org\/{rel}","templated":true}]}}