
{"id":2637,"date":"2019-12-10T23:39:45","date_gmt":"2019-12-10T23:39:45","guid":{"rendered":"https:\/\/ovillosyconos.com\/?page_id=2637"},"modified":"2019-12-10T23:40:00","modified_gmt":"2019-12-10T23:40:00","slug":"hilo-kvr","status":"publish","type":"page","link":"https:\/\/oyc.lat\/en\/hilo-kvr\/","title":{"rendered":"Hilo KVR"},"content":{"rendered":"<div class=\"wpb-content-wrapper\"><p>[vc_row][vc_column][vc_single_image image=&#8221;2639&#8243; img_size=&#8221;full&#8221;][\/vc_column][\/vc_row][vc_row][vc_column][vc_column_text]<span style=\"font-size: 12pt;\">Hilo de coser\u00a0<a href=\"https:\/\/es.wikipedia.org\/wiki\/Kevlar\" target=\"_blank\" rel=\"noopener noreferrer\">KEVLAR<\/a>\u00a0para aramida soporta temperaturas hasta 425\u00baC y su resistencia proporcional es 5 veces superior a la del acero.<\/span><\/p>\n<p><span style=\"font-size: 12pt;\">Generalidades:<\/span><\/p>\n<p><span style=\"font-size: 12pt;\">Nuestro\u00a0Hilo de KVR es de alta calidad, fabricados con fibras de nuestro proveedor especialmente confeccionado para trabajar en las condiciones m\u00e1s severas, cuenta con una excelente resistencia a la temperatura y la tensi\u00f3n. Es resistente al corte, en comparaci\u00f3n con otros tipos de empaquetaduras, que pueden resistir los medios m\u00e1s severos y una mayor presi\u00f3n a trabajo exigente.<\/span><\/p>\n<p><span style=\"font-size: 12pt;\">La fibra de aramida utilizados en este\u00a0hilo est\u00e1n hechos al 100% de fibra para-aramida (KVR) con buen rendimiento t\u00e9rmico comenzando su descomposici\u00f3n hasta los 430\u00bac, con una excelente resistencia mec\u00e1nica, a la tracci\u00f3n y al corte lo convierten en la mejor alternativa para trabajos de alto riesgo.<\/span><\/p>\n<p><span style=\"font-size: 12pt;\">Su capacidad para resistir \u00e1cidos y diversos solventes , a bajas temperaturas y por periodos cortos de tiempo le dan la confianza para elegir nuestros\u00a0hilos Ovycosa con fibras KVR, ya que no pierden sus resistencia.<\/span><\/p>\n<p>[\/vc_column_text][\/vc_column][\/vc_row]<\/p>\n<\/div>","protected":false},"excerpt":{"rendered":"<p>[vc_row][vc_column][vc_single_image image=&#8221;2639&#8243; img_size=&#8221;full&#8221;][\/vc_column][\/vc_row][vc_row][vc_column][vc_column_text]Hilo de coser\u00a0KEVLAR\u00a0para aramida soporta temperaturas hasta 425\u00baC y su resistencia proporcional es 5 veces superior a la del acero. Generalidades: Nuestro\u00a0Hilo de KVR es de alta calidad, [&hellip;]<\/p>\n","protected":false},"author":2,"featured_media":0,"parent":0,"menu_order":0,"comment_status":"closed","ping_status":"closed","template":"","meta":{"footnotes":""},"aioseo_notices":[],"_links":{"self":[{"href":"https:\/\/oyc.lat\/en\/wp-json\/wp\/v2\/pages\/2637"}],"collection":[{"href":"https:\/\/oyc.lat\/en\/wp-json\/wp\/v2\/pages"}],"about":[{"href":"https:\/\/oyc.lat\/en\/wp-json\/wp\/v2\/types\/page"}],"author":[{"embeddable":true,"href":"https:\/\/oyc.lat\/en\/wp-json\/wp\/v2\/users\/2"}],"replies":[{"embeddable":true,"href":"https:\/\/oyc.lat\/en\/wp-json\/wp\/v2\/comments?post=2637"}],"version-history":[{"count":2,"href":"https:\/\/oyc.lat\/en\/wp-json\/wp\/v2\/pages\/2637\/revisions"}],"predecessor-version":[{"id":2642,"href":"https:\/\/oyc.lat\/en\/wp-json\/wp\/v2\/pages\/2637\/revisions\/2642"}],"wp:attachment":[{"href":"https:\/\/oyc.lat\/en\/wp-json\/wp\/v2\/media?parent=2637"}],"curies":[{"name":"wp","href":"https:\/\/api.w.org\/{rel}","templated":true}]}}